{"id":100754,"date":"2024-12-25T11:29:44","date_gmt":"2024-12-25T11:29:44","guid":{"rendered":"https:\/\/casasmarruecos.com\/raul-del-canto\/"},"modified":"2025-01-15T18:22:14","modified_gmt":"2025-01-15T18:22:14","slug":"raul-del-canto","status":"publish","type":"page","link":"https:\/\/casasmarruecos.com\/fr\/raul-del-canto\/","title":{"rendered":"Ra\u00fal Del Canto"},"content":{"rendered":"<p>[et_pb_section fb_built=\u00a0\u00bb1&Prime; custom_padding_last_edited=\u00a0\u00bbon|tablet\u00a0\u00bb _builder_version=\u00a0\u00bb4.16&Prime; custom_padding_tablet=\u00a0\u00bb||0px|\u00a0\u00bb custom_padding_phone=\u00a0\u00bb\u00a0\u00bb global_colors_info=\u00a0\u00bb{}\u00a0\u00bb][et_pb_row custom_padding_last_edited=\u00a0\u00bbon|phone\u00a0\u00bb module_class=\u00a0\u00bbdr-text-center\u00a0\u00bb _builder_version=\u00a0\u00bb4.16&Prime; background_size=\u00a0\u00bbinitial\u00a0\u00bb background_repeat=\u00a0\u00bbrepeat\u00a0\u00bb custom_padding_tablet=\u00a0\u00bb0px||0px|\u00a0\u00bb custom_padding_phone=\u00a0\u00bb\u00a0\u00bb global_colors_info=\u00a0\u00bb{}\u00a0\u00bb][et_pb_column type=\u00a0\u00bb4_4&Prime; _builder_version=\u00a0\u00bb4.16&Prime; custom_padding=\u00a0\u00bb|||\u00a0\u00bb global_colors_info=\u00a0\u00bb{}\u00a0\u00bb custom_padding__hover=\u00a0\u00bb|||\u00a0\u00bb][et_pb_text admin_label=\u00a0\u00bbAbout Divi Real Estate\u00a0\u00bb _builder_version=\u00a0\u00bb4.16&Prime; header_2_text_align=\u00a0\u00bbcenter\u00a0\u00bb animation_style=\u00a0\u00bbslide\u00a0\u00bb animation_direction=\u00a0\u00bbtop\u00a0\u00bb global_colors_info=\u00a0\u00bb{}\u00a0\u00bb]<\/p>\n<div class=\"dr-heading\">\n<h2>Ra\u00fal <span>del Canto<\/span><\/h2>\n<div class=\"dr-heading-line\"><\/div>\n<\/div>\n<p>[\/et_pb_text][et_pb_text _builder_version=\u00a0\u00bb4.27.4&Prime; global_colors_info=\u00a0\u00bb{}\u00a0\u00bb]<\/p>\n<h3 class=\"western\"><strong>Ra\u00fal del Canto : Exp\u00e9rience et confiance dans la gestion internationale des biens et des successions<\/strong><\/h3>\n<p>Lorsqu&rsquo;il s&rsquo;agit de g\u00e9rer des biens et des h\u00e9ritages internationaux, il est essentiel de faire confiance \u00e0 un professionnel exp\u00e9riment\u00e9. Avec plus de 30 ans d&rsquo;exp\u00e9rience, <strong>Ra\u00fal del Canto<\/strong>, avocat europ\u00e9en certifi\u00e9, est devenu une r\u00e9f\u00e9rence en mati\u00e8re de conseil juridique, sp\u00e9cialis\u00e9 dans l&rsquo;acquisition, la vente et la gestion de biens immobiliers, ainsi que dans les successions internationales. Son exp\u00e9rience couvre l&rsquo;Espagne, l&rsquo;Angleterre, la France et le Maroc, offrant des solutions personnalis\u00e9es et s\u00fbres \u00e0 des clients de diff\u00e9rentes nationalit\u00e9s.  <\/p>\n<h4 class=\"western\"><strong>Un juriste d&rsquo;envergure internationale<\/strong><\/h4>\n<p>Ra\u00fal del Canto a commenc\u00e9 sa carri\u00e8re professionnelle dans l&rsquo;ar\u00e8ne internationale gr\u00e2ce \u00e0 son association avec <strong>Del Canto Chambers<\/strong>, fond\u00e9 par son fr\u00e8re en Angleterre. Ce lien lui a permis de travailler en \u00e9troite collaboration avec des clients anglais et d&rsquo;acqu\u00e9rir une connaissance approfondie de leurs besoins juridiques, notamment en ce qui concerne la gestion de propri\u00e9t\u00e9s en Espagne, principalement dans le d\u00e9troit de Gibraltar et sur la Costa de la Luz. <\/p>\n<p>En s&rsquo;installant en France pour y fonder une famille, Raul a renforc\u00e9 ses relations avec les clients fran\u00e7ais, devenant un pont entre les r\u00e9glementations juridiques de la France et des autres pays europ\u00e9ens.<\/p>\n<p>[\/et_pb_text][\/et_pb_column][\/et_pb_row][et_pb_row column_structure=\u00a0\u00bb2_3,1_3&Prime; use_custom_gutter=\u00a0\u00bbon\u00a0\u00bb gutter_width=\u00a0\u00bb2&Prime; _builder_version=\u00a0\u00bb4.16&Prime; custom_padding=\u00a0\u00bb||4px|||\u00a0\u00bb custom_css_main_element=\u00a0\u00bbz-index: 3;\u00a0\u00bb global_colors_info=\u00a0\u00bb{}\u00a0\u00bb][et_pb_column type=\u00a0\u00bb2_3&Prime; _builder_version=\u00a0\u00bb4.16&Prime; custom_padding=\u00a0\u00bb|||\u00a0\u00bb global_colors_info=\u00a0\u00bb{}\u00a0\u00bb custom_padding__hover=\u00a0\u00bb|||\u00a0\u00bb][et_pb_image src=\u00a0\u00bbhttps:\/\/casasmarruecos.com\/wp-content\/uploads\/2024\/12\/b-500&#215;500-1-300&#215;300-1.png\u00a0\u00bb title_text=\u00a0\u00bbb-500&#215;500-1-300&#215;300&Prime; align=\u00a0\u00bbcenter\u00a0\u00bb _builder_version=\u00a0\u00bb4.27.4&Prime; _module_preset=\u00a0\u00bbdefault\u00a0\u00bb custom_padding=\u00a0\u00bb||1px|||\u00a0\u00bb global_colors_info=\u00a0\u00bb{}\u00a0\u00bb][\/et_pb_image][\/et_pb_column][et_pb_column type=\u00a0\u00bb1_3&Prime; _builder_version=\u00a0\u00bb4.16&Prime; custom_padding=\u00a0\u00bb|||\u00a0\u00bb global_colors_info=\u00a0\u00bb{}\u00a0\u00bb custom_padding__hover=\u00a0\u00bb|||\u00a0\u00bb][et_pb_text _builder_version=\u00a0\u00bb4.27.4&Prime; _module_preset=\u00a0\u00bbdefault\u00a0\u00bb text_font_size=\u00a0\u00bb21px\u00a0\u00bb text_line_height=\u00a0\u00bb1.8em\u00a0\u00bb global_colors_info=\u00a0\u00bb{}\u00a0\u00bb]<\/p>\n<p>Avocat unique en son genre, dot\u00e9 d&rsquo;une connaissance approfondie des cultures europ\u00e9enne et arabe, il allie expertise juridique et sensibilit\u00e9 interculturelle, facilitant ainsi des n\u00e9gociations fructueuses et des solutions juridiques personnalis\u00e9es qui suscitent la confiance et produisent des r\u00e9sultats.<\/p>\n<p>[\/et_pb_text][\/et_pb_column][\/et_pb_row][et_pb_row custom_padding_last_edited=\u00a0\u00bbon|desktop\u00a0\u00bb disabled_on=\u00a0\u00bbon|on|\u00a0\u00bb _builder_version=\u00a0\u00bb4.16&Prime; background_size=\u00a0\u00bbinitial\u00a0\u00bb background_position=\u00a0\u00bbtop_left\u00a0\u00bb background_repeat=\u00a0\u00bbrepeat\u00a0\u00bb custom_padding_tablet=\u00a0\u00bb\u00a0\u00bb custom_padding_phone=\u00a0\u00bb\u00a0\u00bb global_colors_info=\u00a0\u00bb{}\u00a0\u00bb][et_pb_column type=\u00a0\u00bb4_4&Prime; _builder_version=\u00a0\u00bb4.16&Prime; custom_padding=\u00a0\u00bb|||\u00a0\u00bb global_colors_info=\u00a0\u00bb{}\u00a0\u00bb custom_padding__hover=\u00a0\u00bb|||\u00a0\u00bb][et_pb_text _builder_version=\u00a0\u00bb4.27.4&Prime; global_colors_info=\u00a0\u00bb{}\u00a0\u00bb]<\/p>\n<h4 class=\"western\"><strong>Sp\u00e9cialiste du Maroc et des consulats espagnols<\/strong><\/h4>\n<p>Au cours des 15 derni\u00e8res ann\u00e9es, Ra\u00fal del Canto a concentr\u00e9 son activit\u00e9 sur le Maroc, un march\u00e9 qui offre des opportunit\u00e9s et des d\u00e9fis juridiques uniques pour les \u00e9trangers. Il est sp\u00e9cialis\u00e9 dans les domaines suivants <\/p>\n<ul>\n<li>\n<p><strong>Conseils sur l&rsquo;acquisition et la vente de biens immobiliers au Maroc<\/strong>, en aidant les clients \u00e0 s&rsquo;y retrouver dans les complexit\u00e9s juridiques du pays.<\/p>\n<\/li>\n<li>\n<p><strong>Gestion des h\u00e9ritages et des successions internationales<\/strong>, en veillant \u00e0 ce que le transfert des actifs s&rsquo;effectue sans probl\u00e8mes juridiques.<\/p>\n<\/li>\n<li>\n<p>Une vaste exp\u00e9rience des proc\u00e9dures consulaires dans des pays tels que l&rsquo;Iran et le Maroc, qui renforce leur capacit\u00e9 \u00e0 g\u00e9rer des situations juridiques dans des contextes multiculturels.<\/p>\n<\/li>\n<\/ul>\n<h4 class=\"western\"><strong>Un r\u00e9seau solide et fiable<\/strong><\/h4>\n<p>Ra\u00fal maintient un lien actif avec ses racines en Espagne, en Angleterre et en France, ce qui lui permet d&rsquo;offrir un service complet qui combine les connaissances locales et internationales. Son approche personnalis\u00e9e et son engagement envers l&rsquo;excellence font de lui le partenaire id\u00e9al pour ceux qui recherchent des conseils juridiques s\u00fbrs et professionnels. <\/p>\n<h4 class=\"western\"><strong>Faites confiance \u00e0 l&rsquo;exp\u00e9rience de Ra\u00fal del Canto<\/strong><\/h4>\n<p>Si vous souhaitez acheter, vendre ou g\u00e9rer des biens immobiliers, ou si vous avez besoin de conseils en mati\u00e8re de succession internationale, Ra\u00fal del Canto et son \u00e9quipe sont l\u00e0 pour vous aider.  <strong>Forts de plusieurs d\u00e9cennies d&rsquo;exp\u00e9rience et d&rsquo;un r\u00e9seau mondial, nous vous offrons la tranquillit\u00e9 d&rsquo;esprit de savoir que vos affaires juridiques sont entre les meilleures mains. \u00c9crivez-nous maintenant et d\u00e9couvrez comment nous pouvons vous aider. <\/strong><\/p>\n<p>&nbsp;<\/p>\n<p>[\/et_pb_text][\/et_pb_column][\/et_pb_row][\/et_pb_section][et_pb_section fb_built=\u00a0\u00bb1&Prime; _builder_version=\u00a0\u00bb4.16&Prime; custom_margin=\u00a0\u00bb0px||0px|\u00a0\u00bb custom_padding=\u00a0\u00bb0px||0px|\u00a0\u00bb global_colors_info=\u00a0\u00bb{}\u00a0\u00bb][et_pb_row column_structure=\u00a0\u00bb2_3,1_3&Prime; custom_padding_last_edited=\u00a0\u00bbon|tablet\u00a0\u00bb _builder_version=\u00a0\u00bb4.27.4&Prime; background_color=\u00a0\u00bb#efefef\u00a0\u00bb custom_padding_tablet=\u00a0\u00bb0px||0px|\u00a0\u00bb custom_padding_phone=\u00a0\u00bb\u00a0\u00bb global_colors_info=\u00a0\u00bb{}\u00a0\u00bb][et_pb_column type=\u00a0\u00bb2_3&Prime; _builder_version=\u00a0\u00bb4.16&Prime; custom_padding=\u00a0\u00bb|||\u00a0\u00bb global_colors_info=\u00a0\u00bb{}\u00a0\u00bb custom_padding__hover=\u00a0\u00bb|||\u00a0\u00bb][et_pb_contact_form use_spam_service=\u00a0\u00bbon\u00a0\u00bb recaptcha_min_score=\u00a0\u00bb0.8&Prime; email=\u00a0\u00bbinfo@casasmarruecos.com\u00a0\u00bb title=\u00a0\u00bb\u00c9crivez-nous maintenant !\u00a0\u00bb submit_button_text=\u00a0\u00bbEnvoyer\u00a0\u00bb _builder_version=\u00a0\u00bb4.27.4&Prime; _unique_id=\u00a0\u00bb55942362-de5a-4718-8f3f-280dc1cc6a2b\u00a0\u00bb form_field_background_color=\u00a0\u00bb#ffffff\u00a0\u00bb background_color=\u00a0\u00bb#e8e8e8&Prime; custom_button=\u00a0\u00bbon\u00a0\u00bb button_text_color=\u00a0\u00bb#ffffff\u00a0\u00bb button_font=\u00a0\u00bb|||on|||||\u00a0\u00bb button_use_icon=\u00a0\u00bboff\u00a0\u00bb width=\u00a0\u00bb100%\u00a0\u00bb custom_margin=\u00a0\u00bb|||38px||\u00a0\u00bb border_radii=\u00a0\u00bbon|0px|0px|0px|0px\u00a0\u00bb form_background_color=\u00a0\u00bb#ffffff\u00a0\u00bb global_colors_info=\u00a0\u00bb{}\u00a0\u00bb][et_pb_contact_field field_id=\u00a0\u00bbNombre\u00a0\u00bb field_title=\u00a0\u00bbNom\u00a0\u00bb _builder_version=\u00a0\u00bb4.27.4&Prime; global_colors_info=\u00a0\u00bb{}\u00a0\u00bb button_text_size__hover_enabled=\u00a0\u00bboff\u00a0\u00bb button_one_text_size__hover_enabled=\u00a0\u00bboff\u00a0\u00bb button_two_text_size__hover_enabled=\u00a0\u00bboff\u00a0\u00bb button_text_color__hover_enabled=\u00a0\u00bboff\u00a0\u00bb button_one_text_color__hover_enabled=\u00a0\u00bboff\u00a0\u00bb button_two_text_color__hover_enabled=\u00a0\u00bboff\u00a0\u00bb button_border_width__hover_enabled=\u00a0\u00bboff\u00a0\u00bb button_one_border_width__hover_enabled=\u00a0\u00bboff\u00a0\u00bb button_two_border_width__hover_enabled=\u00a0\u00bboff\u00a0\u00bb button_border_color__hover_enabled=\u00a0\u00bboff\u00a0\u00bb button_one_border_color__hover_enabled=\u00a0\u00bboff\u00a0\u00bb button_two_border_color__hover_enabled=\u00a0\u00bboff\u00a0\u00bb button_border_radius__hover_enabled=\u00a0\u00bboff\u00a0\u00bb button_one_border_radius__hover_enabled=\u00a0\u00bboff\u00a0\u00bb button_two_border_radius__hover_enabled=\u00a0\u00bboff\u00a0\u00bb button_letter_spacing__hover_enabled=\u00a0\u00bboff\u00a0\u00bb button_one_letter_spacing__hover_enabled=\u00a0\u00bboff\u00a0\u00bb button_two_letter_spacing__hover_enabled=\u00a0\u00bboff\u00a0\u00bb button_bg_color__hover_enabled=\u00a0\u00bboff\u00a0\u00bb button_one_bg_color__hover_enabled=\u00a0\u00bboff\u00a0\u00bb button_two_bg_color__hover_enabled=\u00a0\u00bboff\u00a0\u00bb][\/et_pb_contact_field][et_pb_contact_field field_id=\u00a0\u00bbEmail\u00a0\u00bb field_title=\u00a0\u00bbAdresse \u00e9lectronique\u00a0\u00bb field_type=\u00a0\u00bbemail\u00a0\u00bb _builder_version=\u00a0\u00bb4.27.4&Prime; global_colors_info=\u00a0\u00bb{}\u00a0\u00bb button_text_size__hover_enabled=\u00a0\u00bboff\u00a0\u00bb button_one_text_size__hover_enabled=\u00a0\u00bboff\u00a0\u00bb button_two_text_size__hover_enabled=\u00a0\u00bboff\u00a0\u00bb button_text_color__hover_enabled=\u00a0\u00bboff\u00a0\u00bb button_one_text_color__hover_enabled=\u00a0\u00bboff\u00a0\u00bb button_two_text_color__hover_enabled=\u00a0\u00bboff\u00a0\u00bb button_border_width__hover_enabled=\u00a0\u00bboff\u00a0\u00bb button_one_border_width__hover_enabled=\u00a0\u00bboff\u00a0\u00bb button_two_border_width__hover_enabled=\u00a0\u00bboff\u00a0\u00bb button_border_color__hover_enabled=\u00a0\u00bboff\u00a0\u00bb button_one_border_color__hover_enabled=\u00a0\u00bboff\u00a0\u00bb button_two_border_color__hover_enabled=\u00a0\u00bboff\u00a0\u00bb button_border_radius__hover_enabled=\u00a0\u00bboff\u00a0\u00bb button_one_border_radius__hover_enabled=\u00a0\u00bboff\u00a0\u00bb button_two_border_radius__hover_enabled=\u00a0\u00bboff\u00a0\u00bb button_letter_spacing__hover_enabled=\u00a0\u00bboff\u00a0\u00bb button_one_letter_spacing__hover_enabled=\u00a0\u00bboff\u00a0\u00bb button_two_letter_spacing__hover_enabled=\u00a0\u00bboff\u00a0\u00bb button_bg_color__hover_enabled=\u00a0\u00bboff\u00a0\u00bb button_one_bg_color__hover_enabled=\u00a0\u00bboff\u00a0\u00bb button_two_bg_color__hover_enabled=\u00a0\u00bboff\u00a0\u00bb][\/et_pb_contact_field][et_pb_contact_field field_id=\u00a0\u00bbField_4&Prime; field_title=\u00a0\u00bbQuel service vous int\u00e9resse ?\u00a0\u00bb field_type=\u00a0\u00bbcheckbox\u00a0\u00bb checkbox_options=\u00a0\u00bb%91{%22value%22:%22Conseils pour l&apos;achat d&apos;une propri\u00e9t\u00e9 au Maroc%22,%22checked%22:0,%22dragID%22:-1},{%22value%22:%22Conseils sur la vente de biens immobiliers au Maroc%22,%22checked%22:0,%22dragID%22:0},{%22dragID%22:1,%22value%22:%22Aspects g\u00e9n\u00e9raux du march\u00e9 hypoth\u00e9caire marocain%22,%22checked%22:0},{%22value%22:%22Prenez rendez-vous avec un expert immobilier au Maroc%22,%22checked%22:0,%22dragID%22:2}%93&Prime; fullwidth_field=\u00a0\u00bbon\u00a0\u00bb _builder_version=\u00a0\u00bb4.27.4&Prime; _module_preset=\u00a0\u00bbdefault\u00a0\u00bb global_colors_info=\u00a0\u00bb{}\u00a0\u00bb][\/et_pb_contact_field][et_pb_contact_field field_id=\u00a0\u00bbMessage\u00a0\u00bb field_title=\u00a0\u00bbSi cela ne suffit pas, expliquez-nous ce dont vous avez besoin.\u00a0\u00bb field_type=\u00a0\u00bbtext\u00a0\u00bb fullwidth_field=\u00a0\u00bbon\u00a0\u00bb _builder_version=\u00a0\u00bb4.27.4&Prime; global_colors_info=\u00a0\u00bb{}\u00a0\u00bb button_text_size__hover_enabled=\u00a0\u00bboff\u00a0\u00bb button_one_text_size__hover_enabled=\u00a0\u00bboff\u00a0\u00bb button_two_text_size__hover_enabled=\u00a0\u00bboff\u00a0\u00bb button_text_color__hover_enabled=\u00a0\u00bboff\u00a0\u00bb button_one_text_color__hover_enabled=\u00a0\u00bboff\u00a0\u00bb button_two_text_color__hover_enabled=\u00a0\u00bboff\u00a0\u00bb button_border_width__hover_enabled=\u00a0\u00bboff\u00a0\u00bb button_one_border_width__hover_enabled=\u00a0\u00bboff\u00a0\u00bb button_two_border_width__hover_enabled=\u00a0\u00bboff\u00a0\u00bb button_border_color__hover_enabled=\u00a0\u00bboff\u00a0\u00bb button_one_border_color__hover_enabled=\u00a0\u00bboff\u00a0\u00bb button_two_border_color__hover_enabled=\u00a0\u00bboff\u00a0\u00bb button_border_radius__hover_enabled=\u00a0\u00bboff\u00a0\u00bb button_one_border_radius__hover_enabled=\u00a0\u00bboff\u00a0\u00bb button_two_border_radius__hover_enabled=\u00a0\u00bboff\u00a0\u00bb button_letter_spacing__hover_enabled=\u00a0\u00bboff\u00a0\u00bb button_one_letter_spacing__hover_enabled=\u00a0\u00bboff\u00a0\u00bb button_two_letter_spacing__hover_enabled=\u00a0\u00bboff\u00a0\u00bb button_bg_color__hover_enabled=\u00a0\u00bboff\u00a0\u00bb button_one_bg_color__hover_enabled=\u00a0\u00bboff\u00a0\u00bb button_two_bg_color__hover_enabled=\u00a0\u00bboff\u00a0\u00bb][\/et_pb_contact_field][\/et_pb_contact_form][\/et_pb_column][et_pb_column type=\u00a0\u00bb1_3&Prime; _builder_version=\u00a0\u00bb4.16&Prime; custom_padding=\u00a0\u00bb|||\u00a0\u00bb global_colors_info=\u00a0\u00bb{}\u00a0\u00bb custom_padding__hover=\u00a0\u00bb|||\u00a0\u00bb][et_pb_text _builder_version=\u00a0\u00bb4.27.4&Prime; background_size=\u00a0\u00bbinitial\u00a0\u00bb background_position=\u00a0\u00bbtop_left\u00a0\u00bb background_repeat=\u00a0\u00bbrepeat\u00a0\u00bb module_alignment=\u00a0\u00bbleft\u00a0\u00bb hover_enabled=\u00a0\u00bb0&Prime; border_style=\u00a0\u00bbsolid\u00a0\u00bb global_colors_info=\u00a0\u00bb{}\u00a0\u00bb sticky_enabled=\u00a0\u00bb0&Prime;]<\/p>\n<h3>Nous vous r\u00e9pondrons<\/h3>\n<p>Ecrivez-nous maintenant et faites le premier pas vers une gestion s\u00fbre et efficace de votre propri\u00e9t\u00e9 au Maroc. Nous sommes l\u00e0 pour r\u00e9pondre \u00e0 vos questions, vous offrir des conseils d&rsquo;experts et veiller \u00e0 ce que chaque d\u00e9tail de votre achat ou de votre vente soit transparent et r\u00e9ussi &#8211; faites confiance \u00e0 notre exp\u00e9rience professionnelle !  <\/p>\n<p><strong>Adresse :<\/strong> Chapineria 3 Jerez de la Frontera<\/p>\n<p><strong>TLF :<\/strong> +34 856551010<\/p>\n<p><strong>Heures d&rsquo;ouverture :<\/strong> 10:00 &#8211; 17:00 h<\/p>\n<p>[\/et_pb_text][\/et_pb_column][\/et_pb_row][\/et_pb_section]<\/p>\n","protected":false},"excerpt":{"rendered":"<p>Ra\u00fal del Canto Ra\u00fal del Canto : Exp\u00e9rience et confiance dans la gestion internationale des biens et des successions Lorsqu&rsquo;il s&rsquo;agit de g\u00e9rer des biens et des h\u00e9ritages internationaux, il est essentiel de faire confiance \u00e0 un professionnel exp\u00e9riment\u00e9. Avec plus de 30 ans d&rsquo;exp\u00e9rience, Ra\u00fal del Canto, avocat europ\u00e9en certifi\u00e9, est devenu une r\u00e9f\u00e9rence [&hellip;]<\/p>\n","protected":false},"author":1,"featured_media":0,"parent":0,"menu_order":0,"comment_status":"closed","ping_status":"closed","template":"","meta":{"_et_pb_use_builder":"on","_et_pb_old_content":"","_et_gb_content_width":"","footnotes":""},"class_list":["post-100754","page","type-page","status-publish","hentry"],"_links":{"self":[{"href":"https:\/\/casasmarruecos.com\/fr\/wp-json\/wp\/v2\/pages\/100754","targetHints":{"allow":["GET"]}}],"collection":[{"href":"https:\/\/casasmarruecos.com\/fr\/wp-json\/wp\/v2\/pages"}],"about":[{"href":"https:\/\/casasmarruecos.com\/fr\/wp-json\/wp\/v2\/types\/page"}],"author":[{"embeddable":true,"href":"https:\/\/casasmarruecos.com\/fr\/wp-json\/wp\/v2\/users\/1"}],"replies":[{"embeddable":true,"href":"https:\/\/casasmarruecos.com\/fr\/wp-json\/wp\/v2\/comments?post=100754"}],"version-history":[{"count":2,"href":"https:\/\/casasmarruecos.com\/fr\/wp-json\/wp\/v2\/pages\/100754\/revisions"}],"predecessor-version":[{"id":100756,"href":"https:\/\/casasmarruecos.com\/fr\/wp-json\/wp\/v2\/pages\/100754\/revisions\/100756"}],"wp:attachment":[{"href":"https:\/\/casasmarruecos.com\/fr\/wp-json\/wp\/v2\/media?parent=100754"}],"curies":[{"name":"wp","href":"https:\/\/api.w.org\/{rel}","templated":true}]}}