{"id":100772,"date":"2024-12-26T11:22:19","date_gmt":"2024-12-26T11:22:19","guid":{"rendered":"https:\/\/casasmarruecos.com\/types-de-propriete-fonciere-au-maroc-un-guide-detaille\/"},"modified":"2025-01-15T18:24:42","modified_gmt":"2025-01-15T18:24:42","slug":"types-de-propriete-fonciere-au-maroc-un-guide-detaille","status":"publish","type":"page","link":"https:\/\/casasmarruecos.com\/fr\/types-de-propriete-fonciere-au-maroc-un-guide-detaille\/","title":{"rendered":"Types de propri\u00e9t\u00e9 fonci\u00e8re au Maroc : un guide d\u00e9taill\u00e9"},"content":{"rendered":"<p>[et_pb_section fb_built=\u00a0\u00bb1&Prime; custom_padding_last_edited=\u00a0\u00bbon|tablet\u00a0\u00bb _builder_version=\u00a0\u00bb4.16&Prime; custom_padding_tablet=\u00a0\u00bb||0px|\u00a0\u00bb custom_padding_phone=\u00a0\u00bb\u00a0\u00bb global_colors_info=\u00a0\u00bb{}\u00a0\u00bb][et_pb_row custom_padding_last_edited=\u00a0\u00bbon|phone\u00a0\u00bb module_class=\u00a0\u00bbdr-text-center\u00a0\u00bb _builder_version=\u00a0\u00bb4.16&Prime; background_size=\u00a0\u00bbinitial\u00a0\u00bb background_repeat=\u00a0\u00bbrepeat\u00a0\u00bb custom_padding_tablet=\u00a0\u00bb0px||0px|\u00a0\u00bb custom_padding_phone=\u00a0\u00bb\u00a0\u00bb global_colors_info=\u00a0\u00bb{}\u00a0\u00bb][et_pb_column type=\u00a0\u00bb4_4&Prime; _builder_version=\u00a0\u00bb4.16&Prime; custom_padding=\u00a0\u00bb|||\u00a0\u00bb global_colors_info=\u00a0\u00bb{}\u00a0\u00bb custom_padding__hover=\u00a0\u00bb|||\u00a0\u00bb][et_pb_text admin_label=\u00a0\u00bbAbout Divi Real Estate\u00a0\u00bb _builder_version=\u00a0\u00bb4.16&Prime; header_2_text_align=\u00a0\u00bbcenter\u00a0\u00bb animation_style=\u00a0\u00bbslide\u00a0\u00bb animation_direction=\u00a0\u00bbtop\u00a0\u00bb global_colors_info=\u00a0\u00bb{}\u00a0\u00bb]<\/p>\n<div class=\"dr-heading\">\n<h2><span>La propri\u00e9t\u00e9 fonci\u00e8re au Maroc :<\/span><\/h2>\n<h2>Un guide d\u00e9taill\u00e9<\/h2>\n<div class=\"dr-heading-line\"><\/div>\n<\/div>\n<p>[\/et_pb_text][et_pb_text _builder_version=\u00a0\u00bb4.27.4&Prime; text_font_size=\u00a0\u00bb18px\u00a0\u00bb text_line_height=\u00a0\u00bb1.5em\u00a0\u00bb custom_padding=\u00a0\u00bb|||0px||\u00a0\u00bb hover_enabled=\u00a0\u00bb0&Prime; global_colors_info=\u00a0\u00bb{}\u00a0\u00bb sticky_enabled=\u00a0\u00bb0&Prime;]<\/p>\n<article class=\"w-full scroll-mb-[var(--thread-trailing-height,150px)] text-token-text-primary focus-visible:outline-2 focus-visible:outline-offset-[-4px]\" dir=\"auto\" data-testid=\"conversation-turn-47\" data-scroll-anchor=\"false\">\n<div class=\"m-auto text-base py-invalid_tags_codes_1| px-3 md:px-4 w-full md:px-5 lg:px-4 xl:px-5\">\n<div class=\"mx-auto flex flex-1 gap-4 text-base md:gap-5 lg:gap-6 md:max-w-3xl lg:max-w-[40rem] xl:max-w-[48rem]\">\n<div class=\"group\/conversation-turn relative flex w-full min-w-0 flex-col agent-turn\">\n<div class=\"flex-col gap-1 md:gap-3\">\n<div class=\"flex max-w-full flex-col flex-grow\">\n<div data-message-author-role=\"assistant\" data-message-id=\"2da05200-462b-4871-ada8-e3df92497d5f\" dir=\"auto\" class=\"min-h-8 text-message flex w-full flex-col items-end gap-2 whitespace-normal break-words text-start [.text-message+&amp;]:mt-5\" data-message-model-slug=\"gpt-4o\">\n<div class=\"flex w-full flex-col gap-1 empty:hidden first:pt-[3px]\">\n<div class=\"markdown prose w-full break-words dark:prose-invert light\">\n<h3 class=\"western\" align=\"JUSTIFY\"><strong>Types de propri\u00e9t\u00e9 fonci\u00e8re au Maroc : un guide d\u00e9taill\u00e9<\/strong><\/h3>\n<p>Le r\u00e9gime de la propri\u00e9t\u00e9 fonci\u00e8re au Maroc est complexe et diversifi\u00e9, r\u00e9sultat de sa riche histoire et des influences juridiques qu&rsquo;il a re\u00e7ues au fil du temps. Chaque type de propri\u00e9t\u00e9 est r\u00e9gi par des r\u00e8gles sp\u00e9cifiques qui d\u00e9terminent son utilisation, son transfert et sa gestion. Ci-dessous, nous explorons les principales cat\u00e9gories de propri\u00e9t\u00e9 fonci\u00e8re au Maroc.  <\/p>\n<h3 class=\"western\"><strong>Terres collectives<\/strong><\/h3>\n<p>Les terres collectives appartiennent \u00e0 un groupe de personnes de la m\u00eame tribu ou de la m\u00eame origine. Bien qu&rsquo;il s&rsquo;agisse historiquement de terres tribales, le terme \u00ab\u00a0collectif\u00a0\u00bb est apparu pendant la p\u00e9riode du Protectorat fran\u00e7ais. Ces terres sont principalement r\u00e9glement\u00e9es par le <strong>Dahir de 1919<\/strong>, qui pr\u00e9voit un contr\u00f4le administratif de l&rsquo;Etat sur leur gestion et leur ali\u00e9nation.  <\/p>\n<p>Les terres collectives pr\u00e9sentent les caract\u00e9ristiques suivantes :<\/p>\n<ul>\n<li>\n<p><strong>Inali\u00e9nables<\/strong>: ils ne peuvent \u00eatre ni transf\u00e9r\u00e9s ni vendus.<\/p>\n<\/li>\n<li>\n<p><strong>Imprescriptibles<\/strong>: ils ne peuvent \u00eatre acquis par prescription.<\/p>\n<\/li>\n<li>\n<p><strong>Inattachables<\/strong>: ils ne peuvent pas \u00eatre utilis\u00e9s comme garantie pour les hypoth\u00e8ques.<\/p>\n<\/li>\n<\/ul>\n<p>Ces derni\u00e8res ann\u00e9es, le gouvernement marocain a encourag\u00e9 un processus de \u00ab\u00a0melkisation\u00a0\u00bb, qui transforme ces terres collectives en propri\u00e9t\u00e9s priv\u00e9es <strong>de type melk,<\/strong> favorisant ainsi le d\u00e9veloppement \u00e9conomique et l&rsquo;investissement.<\/p>\n<h3 class=\"western\"><strong>Propri\u00e9t\u00e9 Melk<\/strong><\/h3>\n<p>Le r\u00e9gime <strong>Melk<\/strong> est la forme la plus courante de propri\u00e9t\u00e9 priv\u00e9e au Maroc, bas\u00e9e sur le droit musulman mal\u00e9kite. Ce type de propri\u00e9t\u00e9 combine le domaine \u00e9minent et les droits de jouissance en une seule entit\u00e9, ce qui permet de dominer pleinement la terre. Cependant, de nombreuses propri\u00e9t\u00e9s melk sont indivises, c&rsquo;est-\u00e0-dire qu&rsquo;elles sont partag\u00e9es par plusieurs h\u00e9ritiers ou copropri\u00e9taires.  <\/p>\n<p>Les propri\u00e9t\u00e9s de Melk se caract\u00e9risent par<\/p>\n<ul>\n<li>\n<p>Exiger des titres traditionnels appel\u00e9s <strong>moulkiya<\/strong>, \u00e9tablis par des notaires islamiques (adouls).<\/p>\n<\/li>\n<li>\n<p>\u00eatre soumis au droit de retrait entre copropri\u00e9taires, dit <strong>shfefa<\/strong>, et au droit de vente globale du bien indivis, dit <strong>dhom<\/strong>.<\/p>\n<\/li>\n<\/ul>\n<p>Bien que le r\u00e9gime melk offre une grande flexibilit\u00e9, les litiges entre copropri\u00e9taires sont fr\u00e9quents et donnent souvent lieu \u00e0 des proc\u00e9dures judiciaires de division ou de vente aux ench\u00e8res des biens immobiliers.<\/p>\n<h3 class=\"western\"><strong>Terres de Guich<\/strong><\/h3>\n<p>Les terres de guich sont des zones accord\u00e9es par l&rsquo;\u00c9tat marocain \u00e0 certaines tribus en \u00e9change de services militaires. Ces terres sont g\u00e9n\u00e9ralement situ\u00e9es \u00e0 proximit\u00e9 de villes historiques telles que Marrakech, Rabat et F\u00e8s. Les collectifs de Guich jouissent d&rsquo;un droit d&rsquo;usufruit collectif appel\u00e9 <strong>menfaa<\/strong>, tandis que les membres individuels ont un droit d&rsquo;usage personnel appel\u00e9 <strong>intifaa<\/strong>.  <\/p>\n<p>En raison de leur nature pr\u00e9caire, les guich :<\/p>\n<ul>\n<li>\n<p>Ils ne peuvent \u00eatre ni vendus ni hypoth\u00e9qu\u00e9s.<\/p>\n<\/li>\n<li>\n<p>Ils n&rsquo;offrent pas une s\u00e9curit\u00e9 juridique suffisante pour les investissements \u00e0 long terme.<\/p>\n<\/li>\n<li>\n<p>Ils ne font l&rsquo;objet d&rsquo;aucune r\u00e9glementation sp\u00e9cifique, ce qui accro\u00eet les incertitudes juridiques.<\/p>\n<\/li>\n<\/ul>\n<p>Le gouvernement a commenc\u00e9 \u00e0 \u00e9tudier des r\u00e9formes visant \u00e0 offrir une plus grande stabilit\u00e9 aux utilisateurs de terres guich et \u00e0 promouvoir une utilisation plus efficace et plus transparente.<\/p>\n<h3 class=\"western\"><strong>Biens immobiliers appartenant \u00e0 l&rsquo;\u00c9tat<\/strong><\/h3>\n<p>Les actifs de l&rsquo;\u00c9tat sont divis\u00e9s en :<\/p>\n<ol>\n<li>\n<p><strong>Domaine public<\/strong>: comprend les routes, les ports, les c\u00f4tes et les autres biens publics g\u00e9r\u00e9s par le minist\u00e8re des travaux publics.<\/p>\n<\/li>\n<li>\n<p><strong>Domaine priv\u00e9 de l&rsquo;\u00c9tat<\/strong>: comprend les terrains destin\u00e9s \u00e0 des projets urbains, touristiques ou industriels, administr\u00e9s par la Direction des biens de l&rsquo;\u00c9tat.<\/p>\n<\/li>\n<li>\n<p><strong>For\u00eats et dunes<\/strong>: R\u00e9gie par la Direction des eaux et for\u00eats du minist\u00e8re de l&rsquo;agriculture.<\/p>\n<\/li>\n<\/ol>\n<p>Ces biens jouent un r\u00f4le cl\u00e9 dans le d\u00e9veloppement du pays, car nombre d&rsquo;entre eux sont utilis\u00e9s pour promouvoir l&rsquo;investissement et la croissance \u00e9conomique.<\/p>\n<h3 class=\"western\"><strong>Biens Habous<\/strong><\/h3>\n<p>Les biens <strong>habous<\/strong> sont des biens donn\u00e9s \u00e0 des fins religieuses, sociales ou caritatives. Il en existe deux types principaux : <\/p>\n<ul>\n<li>\n<p><strong>Habous publics<\/strong>: ils servent \u00e0 financer les mosqu\u00e9es et les travaux publics.<\/p>\n<\/li>\n<li>\n<p><strong>Habous de famille<\/strong>: dont la jouissance est r\u00e9serv\u00e9e aux descendants du donateur, devenant habous publics apr\u00e8s leur extinction.<\/p>\n<\/li>\n<li>\n<p><b>La Zaouia habous :<\/b> Il s&rsquo;agit de biens destin\u00e9s \u00e0 une confr\u00e9rie religieuse, administr\u00e9s par le moqqadem de la zaouia concern\u00e9e et supervis\u00e9s par l&rsquo;administration du habous.<\/p>\n<\/li>\n<li>\n<p>&nbsp;<\/p>\n<\/li>\n<\/ul>\n<p>Les habous sont inali\u00e9nables et insaisissables, mais peuvent \u00eatre vendus avec l&rsquo;autorisation royale dans des conditions strictes. Ils sont supervis\u00e9s par le minist\u00e8re des Habous et des Affaires islamiques, qui agit en tant que gestionnaire d&rsquo;actifs. <\/p>\n<h3 class=\"western\"><strong>Conclusion<\/strong><\/h3>\n<p>Comprendre les diff\u00e9rents types de propri\u00e9t\u00e9 fonci\u00e8re au Maroc est essentiel pour toute personne int\u00e9ress\u00e9e par l&rsquo;acquisition, la gestion ou l&rsquo;investissement foncier dans le pays. Chaque r\u00e9gime poss\u00e8de des caract\u00e9ristiques uniques qui d\u00e9terminent son utilisation et sa transf\u00e9rabilit\u00e9, ainsi que les responsabilit\u00e9s juridiques qui y sont associ\u00e9es. <\/p>\n<p>Chez <strong>CasasMarruecos.com<\/strong>, nous sommes sp\u00e9cialis\u00e9s dans tous ces r\u00e9gimes immobiliers. Notre \u00e9quipe vous guide \u00e0 chaque \u00e9tape, en veillant \u00e0 ce que votre investissement soit s\u00fbr et conforme aux r\u00e9glementations locales. <strong>Contactez-nous d\u00e8s aujourd&rsquo;hui<\/strong> et d\u00e9couvrez comment nous pouvons vous aider \u00e0 naviguer dans ce paysage juridique complexe mais fascinant. <\/p>\n<p align=\"JUSTIFY\">\n<\/div>\n<\/div>\n<\/div>\n<\/div>\n<\/div>\n<\/div>\n<\/div>\n<\/div>\n<\/article>\n<p>[\/et_pb_text][\/et_pb_column][\/et_pb_row][\/et_pb_section][et_pb_section fb_built=\u00a0\u00bb1&Prime; _builder_version=\u00a0\u00bb4.16&Prime; custom_margin=\u00a0\u00bb0px||0px|\u00a0\u00bb custom_padding=\u00a0\u00bb0px||0px|\u00a0\u00bb global_colors_info=\u00a0\u00bb{}\u00a0\u00bb][et_pb_row column_structure=\u00a0\u00bb2_3,1_3&Prime; custom_padding_last_edited=\u00a0\u00bbon|tablet\u00a0\u00bb _builder_version=\u00a0\u00bb4.27.4&Prime; background_color=\u00a0\u00bb#efefef\u00a0\u00bb custom_padding_tablet=\u00a0\u00bb0px||0px|\u00a0\u00bb custom_padding_phone=\u00a0\u00bb\u00a0\u00bb global_colors_info=\u00a0\u00bb{}\u00a0\u00bb][et_pb_column type=\u00a0\u00bb2_3&Prime; _builder_version=\u00a0\u00bb4.16&Prime; custom_padding=\u00a0\u00bb|||\u00a0\u00bb global_colors_info=\u00a0\u00bb{}\u00a0\u00bb custom_padding__hover=\u00a0\u00bb|||\u00a0\u00bb][et_pb_contact_form use_spam_service=\u00a0\u00bbon\u00a0\u00bb recaptcha_min_score=\u00a0\u00bb0.8&Prime; email=\u00a0\u00bbinfo@casasmarruecos.com\u00a0\u00bb title=\u00a0\u00bb\u00c9crivez-nous maintenant !\u00a0\u00bb submit_button_text=\u00a0\u00bbEnvoyer\u00a0\u00bb _builder_version=\u00a0\u00bb4.27.4&Prime; _unique_id=\u00a0\u00bb55942362-de5a-4718-8f3f-280dc1cc6a2b\u00a0\u00bb form_field_background_color=\u00a0\u00bb#ffffff\u00a0\u00bb background_color=\u00a0\u00bb#e8e8e8&Prime; custom_button=\u00a0\u00bbon\u00a0\u00bb button_text_color=\u00a0\u00bb#ffffff\u00a0\u00bb button_font=\u00a0\u00bb|||on|||||\u00a0\u00bb button_use_icon=\u00a0\u00bboff\u00a0\u00bb width=\u00a0\u00bb100%\u00a0\u00bb custom_margin=\u00a0\u00bb|||38px||\u00a0\u00bb border_radii=\u00a0\u00bbon|0px|0px|0px|0px\u00a0\u00bb form_background_color=\u00a0\u00bb#ffffff\u00a0\u00bb global_colors_info=\u00a0\u00bb{}\u00a0\u00bb][et_pb_contact_field field_id=\u00a0\u00bbNombre\u00a0\u00bb field_title=\u00a0\u00bbNom\u00a0\u00bb _builder_version=\u00a0\u00bb4.27.4&Prime; global_colors_info=\u00a0\u00bb{}\u00a0\u00bb button_text_size__hover_enabled=\u00a0\u00bboff\u00a0\u00bb button_one_text_size__hover_enabled=\u00a0\u00bboff\u00a0\u00bb button_two_text_size__hover_enabled=\u00a0\u00bboff\u00a0\u00bb button_text_color__hover_enabled=\u00a0\u00bboff\u00a0\u00bb button_one_text_color__hover_enabled=\u00a0\u00bboff\u00a0\u00bb button_two_text_color__hover_enabled=\u00a0\u00bboff\u00a0\u00bb button_border_width__hover_enabled=\u00a0\u00bboff\u00a0\u00bb button_one_border_width__hover_enabled=\u00a0\u00bboff\u00a0\u00bb button_two_border_width__hover_enabled=\u00a0\u00bboff\u00a0\u00bb button_border_color__hover_enabled=\u00a0\u00bboff\u00a0\u00bb button_one_border_color__hover_enabled=\u00a0\u00bboff\u00a0\u00bb button_two_border_color__hover_enabled=\u00a0\u00bboff\u00a0\u00bb button_border_radius__hover_enabled=\u00a0\u00bboff\u00a0\u00bb button_one_border_radius__hover_enabled=\u00a0\u00bboff\u00a0\u00bb button_two_border_radius__hover_enabled=\u00a0\u00bboff\u00a0\u00bb button_letter_spacing__hover_enabled=\u00a0\u00bboff\u00a0\u00bb button_one_letter_spacing__hover_enabled=\u00a0\u00bboff\u00a0\u00bb button_two_letter_spacing__hover_enabled=\u00a0\u00bboff\u00a0\u00bb button_bg_color__hover_enabled=\u00a0\u00bboff\u00a0\u00bb button_one_bg_color__hover_enabled=\u00a0\u00bboff\u00a0\u00bb button_two_bg_color__hover_enabled=\u00a0\u00bboff\u00a0\u00bb][\/et_pb_contact_field][et_pb_contact_field field_id=\u00a0\u00bbEmail\u00a0\u00bb field_title=\u00a0\u00bbAdresse \u00e9lectronique\u00a0\u00bb field_type=\u00a0\u00bbemail\u00a0\u00bb _builder_version=\u00a0\u00bb4.27.4&Prime; global_colors_info=\u00a0\u00bb{}\u00a0\u00bb button_text_size__hover_enabled=\u00a0\u00bboff\u00a0\u00bb button_one_text_size__hover_enabled=\u00a0\u00bboff\u00a0\u00bb button_two_text_size__hover_enabled=\u00a0\u00bboff\u00a0\u00bb button_text_color__hover_enabled=\u00a0\u00bboff\u00a0\u00bb button_one_text_color__hover_enabled=\u00a0\u00bboff\u00a0\u00bb button_two_text_color__hover_enabled=\u00a0\u00bboff\u00a0\u00bb button_border_width__hover_enabled=\u00a0\u00bboff\u00a0\u00bb button_one_border_width__hover_enabled=\u00a0\u00bboff\u00a0\u00bb button_two_border_width__hover_enabled=\u00a0\u00bboff\u00a0\u00bb button_border_color__hover_enabled=\u00a0\u00bboff\u00a0\u00bb button_one_border_color__hover_enabled=\u00a0\u00bboff\u00a0\u00bb button_two_border_color__hover_enabled=\u00a0\u00bboff\u00a0\u00bb button_border_radius__hover_enabled=\u00a0\u00bboff\u00a0\u00bb button_one_border_radius__hover_enabled=\u00a0\u00bboff\u00a0\u00bb button_two_border_radius__hover_enabled=\u00a0\u00bboff\u00a0\u00bb button_letter_spacing__hover_enabled=\u00a0\u00bboff\u00a0\u00bb button_one_letter_spacing__hover_enabled=\u00a0\u00bboff\u00a0\u00bb button_two_letter_spacing__hover_enabled=\u00a0\u00bboff\u00a0\u00bb button_bg_color__hover_enabled=\u00a0\u00bboff\u00a0\u00bb button_one_bg_color__hover_enabled=\u00a0\u00bboff\u00a0\u00bb button_two_bg_color__hover_enabled=\u00a0\u00bboff\u00a0\u00bb][\/et_pb_contact_field][et_pb_contact_field field_id=\u00a0\u00bbField_4&Prime; field_title=\u00a0\u00bbQuel service vous int\u00e9resse ?\u00a0\u00bb field_type=\u00a0\u00bbcheckbox\u00a0\u00bb checkbox_options=\u00a0\u00bb%91{%22value%22:%22Conseils pour l&apos;achat d&apos;une propri\u00e9t\u00e9 au Maroc%22,%22checked%22:0,%22dragID%22:-1},{%22value%22:%22Conseils sur la vente de biens immobiliers au Maroc%22,%22checked%22:0,%22dragID%22:0},{%22dragID%22:1,%22value%22:%22Aspects g\u00e9n\u00e9raux du march\u00e9 hypoth\u00e9caire marocain%22,%22checked%22:0},{%22value%22:%22Prenez rendez-vous avec un expert immobilier au Maroc%22,%22checked%22:0,%22dragID%22:2}%93&Prime; fullwidth_field=\u00a0\u00bbon\u00a0\u00bb _builder_version=\u00a0\u00bb4.27.4&Prime; _module_preset=\u00a0\u00bbdefault\u00a0\u00bb global_colors_info=\u00a0\u00bb{}\u00a0\u00bb][\/et_pb_contact_field][et_pb_contact_field field_id=\u00a0\u00bbMessage\u00a0\u00bb field_title=\u00a0\u00bbSi cela ne suffit pas, expliquez-nous ce dont vous avez besoin.\u00a0\u00bb field_type=\u00a0\u00bbtext\u00a0\u00bb fullwidth_field=\u00a0\u00bbon\u00a0\u00bb _builder_version=\u00a0\u00bb4.27.4&Prime; global_colors_info=\u00a0\u00bb{}\u00a0\u00bb button_text_size__hover_enabled=\u00a0\u00bboff\u00a0\u00bb button_one_text_size__hover_enabled=\u00a0\u00bboff\u00a0\u00bb button_two_text_size__hover_enabled=\u00a0\u00bboff\u00a0\u00bb button_text_color__hover_enabled=\u00a0\u00bboff\u00a0\u00bb button_one_text_color__hover_enabled=\u00a0\u00bboff\u00a0\u00bb button_two_text_color__hover_enabled=\u00a0\u00bboff\u00a0\u00bb button_border_width__hover_enabled=\u00a0\u00bboff\u00a0\u00bb button_one_border_width__hover_enabled=\u00a0\u00bboff\u00a0\u00bb button_two_border_width__hover_enabled=\u00a0\u00bboff\u00a0\u00bb button_border_color__hover_enabled=\u00a0\u00bboff\u00a0\u00bb button_one_border_color__hover_enabled=\u00a0\u00bboff\u00a0\u00bb button_two_border_color__hover_enabled=\u00a0\u00bboff\u00a0\u00bb button_border_radius__hover_enabled=\u00a0\u00bboff\u00a0\u00bb button_one_border_radius__hover_enabled=\u00a0\u00bboff\u00a0\u00bb button_two_border_radius__hover_enabled=\u00a0\u00bboff\u00a0\u00bb button_letter_spacing__hover_enabled=\u00a0\u00bboff\u00a0\u00bb button_one_letter_spacing__hover_enabled=\u00a0\u00bboff\u00a0\u00bb button_two_letter_spacing__hover_enabled=\u00a0\u00bboff\u00a0\u00bb button_bg_color__hover_enabled=\u00a0\u00bboff\u00a0\u00bb button_one_bg_color__hover_enabled=\u00a0\u00bboff\u00a0\u00bb button_two_bg_color__hover_enabled=\u00a0\u00bboff\u00a0\u00bb][\/et_pb_contact_field][\/et_pb_contact_form][\/et_pb_column][et_pb_column type=\u00a0\u00bb1_3&Prime; _builder_version=\u00a0\u00bb4.16&Prime; custom_padding=\u00a0\u00bb|||\u00a0\u00bb global_colors_info=\u00a0\u00bb{}\u00a0\u00bb custom_padding__hover=\u00a0\u00bb|||\u00a0\u00bb][et_pb_text _builder_version=\u00a0\u00bb4.27.4&Prime; background_size=\u00a0\u00bbinitial\u00a0\u00bb background_position=\u00a0\u00bbtop_left\u00a0\u00bb background_repeat=\u00a0\u00bbrepeat\u00a0\u00bb module_alignment=\u00a0\u00bbleft\u00a0\u00bb border_style=\u00a0\u00bbsolid\u00a0\u00bb global_colors_info=\u00a0\u00bb{}\u00a0\u00bb]<\/p>\n<h3>Nous vous r\u00e9pondrons<\/h3>\n<p>\u00c9crivez-nous maintenant et faites le premier pas vers une gestion s\u00fbre et efficace de votre propri\u00e9t\u00e9 au Maroc. Nous sommes l\u00e0 pour r\u00e9pondre \u00e0 vos questions, vous offrir des conseils d&rsquo;experts et veiller \u00e0 ce que chaque d\u00e9tail de votre achat ou de votre vente soit transparent et r\u00e9ussi &#8211; faites confiance \u00e0 notre exp\u00e9rience professionnelle !  <\/p>\n<p><strong>Adresse :<\/strong> Chapineria 3 Jerez de la Frontera<\/p>\n<p><strong>TLF :<\/strong> +34 856551010<\/p>\n<p><strong>Heures d&rsquo;ouverture :<\/strong> 10:00 &#8211; 17:00 h<\/p>\n<p>[\/et_pb_text][\/et_pb_column][\/et_pb_row][\/et_pb_section]<\/p>\n","protected":false},"excerpt":{"rendered":"<p>La propri\u00e9t\u00e9 fonci\u00e8re au Maroc : Un guide d\u00e9taill\u00e9 Types de propri\u00e9t\u00e9 fonci\u00e8re au Maroc : un guide d\u00e9taill\u00e9 Le r\u00e9gime de la propri\u00e9t\u00e9 fonci\u00e8re au Maroc est complexe et diversifi\u00e9, r\u00e9sultat de sa riche histoire et des influences juridiques qu&rsquo;il a re\u00e7ues au fil du temps. Chaque type de propri\u00e9t\u00e9 est r\u00e9gi par des [&hellip;]<\/p>\n","protected":false},"author":1,"featured_media":0,"parent":0,"menu_order":0,"comment_status":"closed","ping_status":"closed","template":"","meta":{"_et_pb_use_builder":"on","_et_pb_old_content":"","_et_gb_content_width":"","footnotes":""},"class_list":["post-100772","page","type-page","status-publish","hentry"],"_links":{"self":[{"href":"https:\/\/casasmarruecos.com\/fr\/wp-json\/wp\/v2\/pages\/100772","targetHints":{"allow":["GET"]}}],"collection":[{"href":"https:\/\/casasmarruecos.com\/fr\/wp-json\/wp\/v2\/pages"}],"about":[{"href":"https:\/\/casasmarruecos.com\/fr\/wp-json\/wp\/v2\/types\/page"}],"author":[{"embeddable":true,"href":"https:\/\/casasmarruecos.com\/fr\/wp-json\/wp\/v2\/users\/1"}],"replies":[{"embeddable":true,"href":"https:\/\/casasmarruecos.com\/fr\/wp-json\/wp\/v2\/comments?post=100772"}],"version-history":[{"count":2,"href":"https:\/\/casasmarruecos.com\/fr\/wp-json\/wp\/v2\/pages\/100772\/revisions"}],"predecessor-version":[{"id":100774,"href":"https:\/\/casasmarruecos.com\/fr\/wp-json\/wp\/v2\/pages\/100772\/revisions\/100774"}],"wp:attachment":[{"href":"https:\/\/casasmarruecos.com\/fr\/wp-json\/wp\/v2\/media?parent=100772"}],"curies":[{"name":"wp","href":"https:\/\/api.w.org\/{rel}","templated":true}]}}