{"id":100778,"date":"2018-02-22T10:57:10","date_gmt":"2018-02-22T10:57:10","guid":{"rendered":"https:\/\/casasmarruecos.com\/questions-frequemment-posees\/"},"modified":"2025-01-15T18:26:04","modified_gmt":"2025-01-15T18:26:04","slug":"questions-frequemment-posees","status":"publish","type":"page","link":"https:\/\/casasmarruecos.com\/fr\/questions-frequemment-posees\/","title":{"rendered":"Questions fr\u00e9quemment pos\u00e9es"},"content":{"rendered":"<p>[et_pb_section fb_built=\u00a0\u00bb1&Prime; module_class=\u00a0\u00bbdr-toggle\u00a0\u00bb _builder_version=\u00a0\u00bb4.16&Prime; global_colors_info=\u00a0\u00bb{}\u00a0\u00bb][et_pb_row _builder_version=\u00a0\u00bb4.27.4&Prime; _module_preset=\u00a0\u00bbdefault\u00a0\u00bb global_colors_info=\u00a0\u00bb{}\u00a0\u00bb][et_pb_column type=\u00a0\u00bb4_4&Prime; _builder_version=\u00a0\u00bb4.27.4&Prime; _module_preset=\u00a0\u00bbdefault\u00a0\u00bb global_colors_info=\u00a0\u00bb{}\u00a0\u00bb][et_pb_text _builder_version=\u00a0\u00bb4.27.4&Prime; _module_preset=\u00a0\u00bbdefault\u00a0\u00bb global_colors_info=\u00a0\u00bb{}\u00a0\u00bb]<\/p>\n<p>L&rsquo;achat d&rsquo;une propri\u00e9t\u00e9 au Maroc peut \u00eatre un processus passionnant, mais il soul\u00e8ve \u00e9galement de nombreuses questions, en particulier pour les acheteurs \u00e9trangers. Nous r\u00e9pondons ci-dessous aux questions les plus fr\u00e9quemment pos\u00e9es afin de vous aider \u00e0 mieux comprendre le processus et \u00e0 prendre des d\u00e9cisions en connaissance de cause.<\/p>\n<p>.<\/p>\n<p>[\/et_pb_text][\/et_pb_column][\/et_pb_row][et_pb_row _builder_version=\u00a0\u00bb4.16&Prime; background_size=\u00a0\u00bbinitial\u00a0\u00bb background_position=\u00a0\u00bbtop_left\u00a0\u00bb background_repeat=\u00a0\u00bbrepeat\u00a0\u00bb global_colors_info=\u00a0\u00bb{}\u00a0\u00bb][et_pb_column type=\u00a0\u00bb4_4&Prime; _builder_version=\u00a0\u00bb4.16&Prime; custom_padding=\u00a0\u00bb|||\u00a0\u00bb global_colors_info=\u00a0\u00bb{}\u00a0\u00bb custom_padding__hover=\u00a0\u00bb|||\u00a0\u00bb][et_pb_accordion _builder_version=\u00a0\u00bb4.27.4&Prime; toggle_line_height=\u00a0\u00bb1.4em\u00a0\u00bb toggle_line_height_tablet=\u00a0\u00bb\u00a0\u00bb toggle_line_height_phone=\u00a0\u00bb\u00a0\u00bb toggle_line_height_last_edited=\u00a0\u00bbon|\u00a0\u00bb global_colors_info=\u00a0\u00bb{}\u00a0\u00bb][et_pb_accordion_item title=\u00a0\u00bb1) Les \u00e9trangers peuvent-ils acheter des biens immobiliers au Maroc ?\u00a0\u00bb _builder_version=\u00a0\u00bb4.27.4&Prime; global_colors_info=\u00a0\u00bb{}\u00a0\u00bb open=\u00a0\u00bbon\u00a0\u00bb]<\/p>\n<p>Oui, les \u00e9trangers peuvent acheter des biens immobiliers au Maroc, bien qu&rsquo;il existe certaines restrictions concernant les terres agricoles. Les propri\u00e9t\u00e9s urbaines, telles que les appartements, les maisons ou les locaux commerciaux, peuvent \u00eatre acquises sans grandes complications. Si vous souhaitez acheter des terres agricoles, vous devrez obtenir des permis sp\u00e9cifiques pour les convertir en terres non agricoles.<\/p>\n<p>[\/et_pb_accordion_item][et_pb_accordion_item title=\u00a0\u00bb2) Quels sont les documents n\u00e9cessaires \u00e0 l&apos;achat d&apos;un bien immobilier ?\u00a0\u00bb _builder_version=\u00a0\u00bb4.27.4&Prime; global_colors_info=\u00a0\u00bb{}\u00a0\u00bb open=\u00a0\u00bboff\u00a0\u00bb]<\/p>\n<p>Les documents essentiels sont les suivants<\/p>\n<ul>\n<li>Le <strong>titre de propri\u00e9t\u00e9<\/strong> ou <strong>moulkiya<\/strong>, qui atteste de la propri\u00e9t\u00e9 du vendeur.<\/li>\n<li>Un rapport cadastral pour conna\u00eetre les limites exactes du terrain.<\/li>\n<li>Certificats attestant que le bien est libre de toute charge ou hypoth\u00e8que. En outre, il est essentiel que tous les contrats soient examin\u00e9s par un notaire et que le bien soit enregistr\u00e9 aupr\u00e8s de la<strong>Conservation Fonci\u00e8re<\/strong>.<\/li>\n<\/ul>\n<p>[\/et_pb_accordion_item][et_pb_accordion_item title=\u00a0\u00bb3) Est-il obligatoire d&apos;avoir un notaire au Maroc ?\u00a0\u00bb _builder_version=\u00a0\u00bb4.27.4&Prime; global_colors_info=\u00a0\u00bb{}\u00a0\u00bb open=\u00a0\u00bboff\u00a0\u00bb]<\/p>\n<p>Oui, l&rsquo;intervention d&rsquo;un notaire est obligatoire pour formaliser l&rsquo;achat et la vente d&rsquo;un bien immobilier. Le notaire agit en tant qu&rsquo;interm\u00e9diaire neutre, il examine les documents et s&rsquo;assure que la transaction est conforme \u00e0 la l\u00e9gislation locale. En outre, elle est charg\u00e9e d&rsquo;enregistrer le bien au nom de l&rsquo;acheteur aupr\u00e8s de la Conservation Fonci\u00e8re.<\/p>\n<p>[\/et_pb_accordion_item][et_pb_accordion_item title=\u00a0\u00bb4) Quels sont les co\u00fbts suppl\u00e9mentaires li\u00e9s \u00e0 l&apos;achat d&apos;un bien immobilier ?\u00a0\u00bb _builder_version=\u00a0\u00bb4.27.4&Prime; global_colors_info=\u00a0\u00bb{}\u00a0\u00bb open=\u00a0\u00bboff\u00a0\u00bb]<\/p>\n<p>Outre le prix d&rsquo;achat, vous devrez tenir compte des \u00e9l\u00e9ments suivants :<\/p>\n<ul>\n<li><strong>Droits de mutation<\/strong>: g\u00e9n\u00e9ralement de 4 \u00e0 6 % du prix de vente.<\/li>\n<li><strong>Frais de notaire<\/strong>: environ 1 % \u00e0 1,5 % de la valeur du bien.<\/li>\n<li>Les <strong>frais administratifs<\/strong>: tels que les frais d&rsquo;inscription \u00e0 la Conservation Fonci\u00e8re. Il est important de prendre en compte ces frais suppl\u00e9mentaires lors de l&rsquo;\u00e9laboration de votre budget.<\/li>\n<\/ul>\n<p>[\/et_pb_accordion_item][et_pb_accordion_item title=\u00a0\u00bb5) Puis-je financer l&apos;achat par l&apos;interm\u00e9diaire d&apos;une banque marocaine ?\u00a0\u00bb open=\u00a0\u00bboff\u00a0\u00bb _builder_version=\u00a0\u00bb4.27.4&Prime; _module_preset=\u00a0\u00bbdefault\u00a0\u00bb global_colors_info=\u00a0\u00bb{}\u00a0\u00bb]<\/p>\n<p>Oui, les banques marocaines proposent des pr\u00eats hypoth\u00e9caires aux acheteurs \u00e9trangers, mais les conditions varient d&rsquo;une institution \u00e0 l&rsquo;autre. Vous devrez fournir des documents attestant de votre capacit\u00e9 \u00e0 payer, tels que vos revenus et votre patrimoine. Une garantie locale peut \u00e9galement \u00eatre exig\u00e9e dans certains cas.<\/p>\n<p>[\/et_pb_accordion_item][et_pb_accordion_item title=\u00a0\u00bb6. que dois-je savoir sur les terres ?\u00a0\u00bb _builder_version=\u00a0\u00bb4.27.4&Prime; global_colors_info=\u00a0\u00bb{}\u00a0\u00bb open=\u00a0\u00bboff\u00a0\u00bb]<\/p>\n<p>Au Maroc, tous les terrains situ\u00e9s en dehors du p\u00e9rim\u00e8tre urbain, m\u00eame s&rsquo;ils sont class\u00e9s comme URBAINS, sont soumis \u00e0 des r\u00e9glementations sp\u00e9cifiques qui en limitent l&rsquo;achat par les \u00e9trangers. Toutefois, il est possible d&rsquo;acqu\u00e9rir ce type de terrain si vous obtenez l&rsquo;<strong>Attestation de Vocation Non Agricole (VNA)<\/strong>, qui vous permet de changer l&rsquo;utilisation du terrain \u00e0 des fins non agricoles, telles que la construction r\u00e9sidentielle ou commerciale.<\/p>\n<p>[\/et_pb_accordion_item][et_pb_accordion_item title=\u00a0\u00bb7) Que se passe-t-il apr\u00e8s l&apos;achat ?\u00a0\u00bb _builder_version=\u00a0\u00bb4.27.4&Prime; _module_preset=\u00a0\u00bbdefault\u00a0\u00bb global_colors_info=\u00a0\u00bb{}\u00a0\u00bb open=\u00a0\u00bboff\u00a0\u00bb]<\/p>\n<p>Une fois le bien achet\u00e9, il est important de l&rsquo;enregistrer officiellement aupr\u00e8s de la Conservation Fonci\u00e8re. Vous devrez \u00e9galement payer les taxes correspondantes, telles que la <strong>taxe sur les biens immobiliers<\/strong> (TPI) et les taxes municipales. En outre, si vous envisagez de louer le bien, vous devrez vous conformer \u00e0 la r\u00e9glementation fiscale en mati\u00e8re de location.<\/p>\n<p>[\/et_pb_accordion_item][\/et_pb_accordion][\/et_pb_column][\/et_pb_row][et_pb_row _builder_version=\u00a0\u00bb4.27.4&Prime; _module_preset=\u00a0\u00bbdefault\u00a0\u00bb global_colors_info=\u00a0\u00bb{}\u00a0\u00bb][et_pb_column type=\u00a0\u00bb4_4&Prime; _builder_version=\u00a0\u00bb4.27.4&Prime; _module_preset=\u00a0\u00bbdefault\u00a0\u00bb global_colors_info=\u00a0\u00bb{}\u00a0\u00bb][et_pb_text _builder_version=\u00a0\u00bb4.27.4&Prime; _module_preset=\u00a0\u00bbdefault\u00a0\u00bb global_colors_info=\u00a0\u00bb{}\u00a0\u00bb]<\/p>\n<hr>\n<h3><strong>Faites confiance \u00e0 des experts pour un achat s\u00e9curis\u00e9<\/strong><\/h3>\n<p>A <strong>CasasMarruecos.com<\/strong>, nous comprenons que l&rsquo;achat d&rsquo;une propri\u00e9t\u00e9 au Maroc peut \u00eatre un processus complexe, en particulier pour les \u00e9trangers. Notre \u00e9quipe est l\u00e0 pour vous aider \u00e0 r\u00e9pondre \u00e0 toutes vos questions, \u00e0 g\u00e9rer les formalit\u00e9s juridiques et \u00e0 garantir une exp\u00e9rience sans heurts.<\/p>\n<p><strong>Contactez-nous d\u00e8s aujourd&rsquo;hui<\/strong> et d\u00e9couvrez comment nous pouvons transformer votre r\u00eave de poss\u00e9der une propri\u00e9t\u00e9 au Maroc en une r\u00e9alit\u00e9 s\u00fbre et s\u00e9curis\u00e9e. Nous sommes l\u00e0 pour vous aider \u00e0 chaque \u00e9tape !<\/p>\n<p>[\/et_pb_text][\/et_pb_column][\/et_pb_row][et_pb_row column_structure=\u00a0\u00bb2_3,1_3&Prime; custom_padding_last_edited=\u00a0\u00bbon|tablet\u00a0\u00bb _builder_version=\u00a0\u00bb4.27.4&Prime; background_color=\u00a0\u00bb#efefef\u00a0\u00bb custom_padding_tablet=\u00a0\u00bb0px||0px|\u00a0\u00bb custom_padding_phone=\u00a0\u00bb\u00a0\u00bb global_colors_info=\u00a0\u00bb{}\u00a0\u00bb][et_pb_column type=\u00a0\u00bb2_3&Prime; _builder_version=\u00a0\u00bb4.16&Prime; custom_padding=\u00a0\u00bb|||\u00a0\u00bb global_colors_info=\u00a0\u00bb{}\u00a0\u00bb custom_padding__hover=\u00a0\u00bb|||\u00a0\u00bb][et_pb_contact_form use_spam_service=\u00a0\u00bbon\u00a0\u00bb recaptcha_min_score=\u00a0\u00bb0.8&Prime; email=\u00a0\u00bbinfo@casasmarruecos.com\u00a0\u00bb title=\u00a0\u00bb\u00c9crivez-nous maintenant !\u00a0\u00bb submit_button_text=\u00a0\u00bbEnvoyer\u00a0\u00bb _builder_version=\u00a0\u00bb4.27.4&Prime; _unique_id=\u00a0\u00bb55942362-de5a-4718-8f3f-280dc1cc6a2b\u00a0\u00bb form_field_background_color=\u00a0\u00bb#ffffff\u00a0\u00bb background_color=\u00a0\u00bb#e8e8e8&Prime; custom_button=\u00a0\u00bbon\u00a0\u00bb button_text_color=\u00a0\u00bb#ffffff\u00a0\u00bb button_font=\u00a0\u00bb|||on|||||\u00a0\u00bb button_use_icon=\u00a0\u00bboff\u00a0\u00bb width=\u00a0\u00bb100%\u00a0\u00bb custom_margin=\u00a0\u00bb|||38px||\u00a0\u00bb border_radii=\u00a0\u00bbon|0px|0px|0px|0px\u00a0\u00bb form_background_color=\u00a0\u00bb#ffffff\u00a0\u00bb global_colors_info=\u00a0\u00bb{}\u00a0\u00bb][et_pb_contact_field field_id=\u00a0\u00bbNombre\u00a0\u00bb field_title=\u00a0\u00bbNom\u00a0\u00bb _builder_version=\u00a0\u00bb4.27.4&Prime; global_colors_info=\u00a0\u00bb{}\u00a0\u00bb button_text_size__hover_enabled=\u00a0\u00bboff\u00a0\u00bb button_one_text_size__hover_enabled=\u00a0\u00bboff\u00a0\u00bb button_two_text_size__hover_enabled=\u00a0\u00bboff\u00a0\u00bb button_text_color__hover_enabled=\u00a0\u00bboff\u00a0\u00bb button_one_text_color__hover_enabled=\u00a0\u00bboff\u00a0\u00bb button_two_text_color__hover_enabled=\u00a0\u00bboff\u00a0\u00bb button_border_width__hover_enabled=\u00a0\u00bboff\u00a0\u00bb button_one_border_width__hover_enabled=\u00a0\u00bboff\u00a0\u00bb button_two_border_width__hover_enabled=\u00a0\u00bboff\u00a0\u00bb button_border_color__hover_enabled=\u00a0\u00bboff\u00a0\u00bb button_one_border_color__hover_enabled=\u00a0\u00bboff\u00a0\u00bb button_two_border_color__hover_enabled=\u00a0\u00bboff\u00a0\u00bb button_border_radius__hover_enabled=\u00a0\u00bboff\u00a0\u00bb button_one_border_radius__hover_enabled=\u00a0\u00bboff\u00a0\u00bb button_two_border_radius__hover_enabled=\u00a0\u00bboff\u00a0\u00bb button_letter_spacing__hover_enabled=\u00a0\u00bboff\u00a0\u00bb button_one_letter_spacing__hover_enabled=\u00a0\u00bboff\u00a0\u00bb button_two_letter_spacing__hover_enabled=\u00a0\u00bboff\u00a0\u00bb button_bg_color__hover_enabled=\u00a0\u00bboff\u00a0\u00bb button_one_bg_color__hover_enabled=\u00a0\u00bboff\u00a0\u00bb button_two_bg_color__hover_enabled=\u00a0\u00bboff\u00a0\u00bb][\/et_pb_contact_field][et_pb_contact_field field_id=\u00a0\u00bbEmail\u00a0\u00bb field_title=\u00a0\u00bbAdresse \u00e9lectronique\u00a0\u00bb field_type=\u00a0\u00bbemail\u00a0\u00bb _builder_version=\u00a0\u00bb4.27.4&Prime; global_colors_info=\u00a0\u00bb{}\u00a0\u00bb button_text_size__hover_enabled=\u00a0\u00bboff\u00a0\u00bb button_one_text_size__hover_enabled=\u00a0\u00bboff\u00a0\u00bb button_two_text_size__hover_enabled=\u00a0\u00bboff\u00a0\u00bb button_text_color__hover_enabled=\u00a0\u00bboff\u00a0\u00bb button_one_text_color__hover_enabled=\u00a0\u00bboff\u00a0\u00bb button_two_text_color__hover_enabled=\u00a0\u00bboff\u00a0\u00bb button_border_width__hover_enabled=\u00a0\u00bboff\u00a0\u00bb button_one_border_width__hover_enabled=\u00a0\u00bboff\u00a0\u00bb button_two_border_width__hover_enabled=\u00a0\u00bboff\u00a0\u00bb button_border_color__hover_enabled=\u00a0\u00bboff\u00a0\u00bb button_one_border_color__hover_enabled=\u00a0\u00bboff\u00a0\u00bb button_two_border_color__hover_enabled=\u00a0\u00bboff\u00a0\u00bb button_border_radius__hover_enabled=\u00a0\u00bboff\u00a0\u00bb button_one_border_radius__hover_enabled=\u00a0\u00bboff\u00a0\u00bb button_two_border_radius__hover_enabled=\u00a0\u00bboff\u00a0\u00bb button_letter_spacing__hover_enabled=\u00a0\u00bboff\u00a0\u00bb button_one_letter_spacing__hover_enabled=\u00a0\u00bboff\u00a0\u00bb button_two_letter_spacing__hover_enabled=\u00a0\u00bboff\u00a0\u00bb button_bg_color__hover_enabled=\u00a0\u00bboff\u00a0\u00bb button_one_bg_color__hover_enabled=\u00a0\u00bboff\u00a0\u00bb button_two_bg_color__hover_enabled=\u00a0\u00bboff\u00a0\u00bb][\/et_pb_contact_field][et_pb_contact_field field_id=\u00a0\u00bbField_4&Prime; field_title=\u00a0\u00bbQuel service vous int\u00e9resse ?\u00a0\u00bb field_type=\u00a0\u00bbcheckbox\u00a0\u00bb checkbox_options=\u00a0\u00bb%91{%22value%22:%22Conseils pour l&apos;achat d&apos;une propri\u00e9t\u00e9 au Maroc%22,%22checked%22:0,%22dragID%22:-1},{%22value%22:%22Conseils sur la vente de biens immobiliers au Maroc%22,%22checked%22:0,%22dragID%22:0},{%22dragID%22:1,%22value%22:%22Aspects g\u00e9n\u00e9raux du march\u00e9 hypoth\u00e9caire marocain%22,%22checked%22:0},{%22value%22:%22Prenez rendez-vous avec un expert immobilier au Maroc%22,%22checked%22:0,%22dragID%22:2}%93&Prime; fullwidth_field=\u00a0\u00bbon\u00a0\u00bb _builder_version=\u00a0\u00bb4.27.4&Prime; _module_preset=\u00a0\u00bbdefault\u00a0\u00bb global_colors_info=\u00a0\u00bb{}\u00a0\u00bb][\/et_pb_contact_field][et_pb_contact_field field_id=\u00a0\u00bbMessage\u00a0\u00bb field_title=\u00a0\u00bbSi cela ne suffit pas, expliquez-nous ce dont vous avez besoin.\u00a0\u00bb field_type=\u00a0\u00bbtext\u00a0\u00bb fullwidth_field=\u00a0\u00bbon\u00a0\u00bb _builder_version=\u00a0\u00bb4.27.4&Prime; global_colors_info=\u00a0\u00bb{}\u00a0\u00bb button_text_size__hover_enabled=\u00a0\u00bboff\u00a0\u00bb button_one_text_size__hover_enabled=\u00a0\u00bboff\u00a0\u00bb button_two_text_size__hover_enabled=\u00a0\u00bboff\u00a0\u00bb button_text_color__hover_enabled=\u00a0\u00bboff\u00a0\u00bb button_one_text_color__hover_enabled=\u00a0\u00bboff\u00a0\u00bb button_two_text_color__hover_enabled=\u00a0\u00bboff\u00a0\u00bb button_border_width__hover_enabled=\u00a0\u00bboff\u00a0\u00bb button_one_border_width__hover_enabled=\u00a0\u00bboff\u00a0\u00bb button_two_border_width__hover_enabled=\u00a0\u00bboff\u00a0\u00bb button_border_color__hover_enabled=\u00a0\u00bboff\u00a0\u00bb button_one_border_color__hover_enabled=\u00a0\u00bboff\u00a0\u00bb button_two_border_color__hover_enabled=\u00a0\u00bboff\u00a0\u00bb button_border_radius__hover_enabled=\u00a0\u00bboff\u00a0\u00bb button_one_border_radius__hover_enabled=\u00a0\u00bboff\u00a0\u00bb button_two_border_radius__hover_enabled=\u00a0\u00bboff\u00a0\u00bb button_letter_spacing__hover_enabled=\u00a0\u00bboff\u00a0\u00bb button_one_letter_spacing__hover_enabled=\u00a0\u00bboff\u00a0\u00bb button_two_letter_spacing__hover_enabled=\u00a0\u00bboff\u00a0\u00bb button_bg_color__hover_enabled=\u00a0\u00bboff\u00a0\u00bb button_one_bg_color__hover_enabled=\u00a0\u00bboff\u00a0\u00bb button_two_bg_color__hover_enabled=\u00a0\u00bboff\u00a0\u00bb][\/et_pb_contact_field][\/et_pb_contact_form][\/et_pb_column][et_pb_column type=\u00a0\u00bb1_3&Prime; _builder_version=\u00a0\u00bb4.16&Prime; custom_padding=\u00a0\u00bb|||\u00a0\u00bb global_colors_info=\u00a0\u00bb{}\u00a0\u00bb custom_padding__hover=\u00a0\u00bb|||\u00a0\u00bb][et_pb_text _builder_version=\u00a0\u00bb4.27.4&Prime; background_size=\u00a0\u00bbinitial\u00a0\u00bb background_position=\u00a0\u00bbtop_left\u00a0\u00bb background_repeat=\u00a0\u00bbrepeat\u00a0\u00bb module_alignment=\u00a0\u00bbleft\u00a0\u00bb border_style=\u00a0\u00bbsolid\u00a0\u00bb global_colors_info=\u00a0\u00bb{}\u00a0\u00bb]<\/p>\n<h3>Nous vous r\u00e9pondrons<\/h3>\n<p>\u00c9crivez-nous maintenant et faites le premier pas vers une gestion s\u00fbre et efficace de votre propri\u00e9t\u00e9 au Maroc. Nous sommes l\u00e0 pour r\u00e9pondre \u00e0 vos questions, vous offrir des conseils d&rsquo;experts et veiller \u00e0 ce que chaque d\u00e9tail de votre achat ou de votre vente soit transparent et couronn\u00e9 de succ\u00e8s. Faites confiance \u00e0 notre exp\u00e9rience professionnelle !<\/p>\n<p><strong>Adresse :<\/strong> Chapineria 3 Jerez de la Frontera<\/p>\n<p><strong>TLF :<\/strong> +34 856551010<\/p>\n<p><strong>Heures d&rsquo;ouverture :<\/strong> 10:00 &#8211; 17:00 h<\/p>\n<p>[\/et_pb_text][\/et_pb_column][\/et_pb_row][\/et_pb_section]<\/p>\n","protected":false},"excerpt":{"rendered":"<p>L&rsquo;achat d&rsquo;une propri\u00e9t\u00e9 au Maroc peut \u00eatre un processus passionnant, mais il soul\u00e8ve \u00e9galement de nombreuses questions, en particulier pour les acheteurs \u00e9trangers. Nous r\u00e9pondons ci-dessous aux questions les plus fr\u00e9quemment pos\u00e9es afin de vous aider \u00e0 mieux comprendre le processus et \u00e0 prendre des d\u00e9cisions en connaissance de cause. .Oui, les \u00e9trangers peuvent acheter [&hellip;]<\/p>\n","protected":false},"author":1,"featured_media":100625,"parent":0,"menu_order":0,"comment_status":"closed","ping_status":"closed","template":"","meta":{"_et_pb_use_builder":"on","_et_pb_old_content":"","_et_gb_content_width":"","footnotes":""},"class_list":["post-100778","page","type-page","status-publish","has-post-thumbnail","hentry"],"_links":{"self":[{"href":"https:\/\/casasmarruecos.com\/fr\/wp-json\/wp\/v2\/pages\/100778","targetHints":{"allow":["GET"]}}],"collection":[{"href":"https:\/\/casasmarruecos.com\/fr\/wp-json\/wp\/v2\/pages"}],"about":[{"href":"https:\/\/casasmarruecos.com\/fr\/wp-json\/wp\/v2\/types\/page"}],"author":[{"embeddable":true,"href":"https:\/\/casasmarruecos.com\/fr\/wp-json\/wp\/v2\/users\/1"}],"replies":[{"embeddable":true,"href":"https:\/\/casasmarruecos.com\/fr\/wp-json\/wp\/v2\/comments?post=100778"}],"version-history":[{"count":2,"href":"https:\/\/casasmarruecos.com\/fr\/wp-json\/wp\/v2\/pages\/100778\/revisions"}],"predecessor-version":[{"id":100780,"href":"https:\/\/casasmarruecos.com\/fr\/wp-json\/wp\/v2\/pages\/100778\/revisions\/100780"}],"wp:featuredmedia":[{"embeddable":true,"href":"https:\/\/casasmarruecos.com\/fr\/wp-json\/wp\/v2\/media\/100625"}],"wp:attachment":[{"href":"https:\/\/casasmarruecos.com\/fr\/wp-json\/wp\/v2\/media?parent=100778"}],"curies":[{"name":"wp","href":"https:\/\/api.w.org\/{rel}","templated":true}]}}