{"id":100790,"date":"2024-12-25T15:32:46","date_gmt":"2024-12-25T15:32:46","guid":{"rendered":"https:\/\/casasmarruecos.com\/procedure-dattestation-de-vocation-non-agricole-avna\/"},"modified":"2025-01-15T18:27:33","modified_gmt":"2025-01-15T18:27:33","slug":"procedure-dattestation-de-vocation-non-agricole-avna","status":"publish","type":"page","link":"https:\/\/casasmarruecos.com\/fr\/procedure-dattestation-de-vocation-non-agricole-avna\/","title":{"rendered":"Proc\u00e9dure d&rsquo;attestation de vocation non agricole (AVNA)"},"content":{"rendered":"<p>[et_pb_section fb_built=\u00a0\u00bb1&Prime; custom_padding_last_edited=\u00a0\u00bbon|tablet\u00a0\u00bb _builder_version=\u00a0\u00bb4.16&Prime; custom_padding_tablet=\u00a0\u00bb||0px|\u00a0\u00bb custom_padding_phone=\u00a0\u00bb\u00a0\u00bb global_colors_info=\u00a0\u00bb{}\u00a0\u00bb][et_pb_row custom_padding_last_edited=\u00a0\u00bbon|phone\u00a0\u00bb module_class=\u00a0\u00bbdr-text-center\u00a0\u00bb _builder_version=\u00a0\u00bb4.16&Prime; background_size=\u00a0\u00bbinitial\u00a0\u00bb background_repeat=\u00a0\u00bbrepeat\u00a0\u00bb custom_padding_tablet=\u00a0\u00bb0px||0px|\u00a0\u00bb custom_padding_phone=\u00a0\u00bb\u00a0\u00bb global_colors_info=\u00a0\u00bb{}\u00a0\u00bb][et_pb_column type=\u00a0\u00bb4_4&Prime; _builder_version=\u00a0\u00bb4.16&Prime; custom_padding=\u00a0\u00bb|||\u00a0\u00bb global_colors_info=\u00a0\u00bb{}\u00a0\u00bb custom_padding__hover=\u00a0\u00bb|||\u00a0\u00bb][et_pb_text admin_label=\u00a0\u00bbAbout Divi Real Estate\u00a0\u00bb _builder_version=\u00a0\u00bb4.16&Prime; header_2_text_align=\u00a0\u00bbcenter\u00a0\u00bb animation_style=\u00a0\u00bbslide\u00a0\u00bb animation_direction=\u00a0\u00bbtop\u00a0\u00bb global_colors_info=\u00a0\u00bb{}\u00a0\u00bb]<\/p>\n<div class=\"dr-heading\">\n<h2>Les \u00e9trangers peuvent-ils <span>acheter au Maroc ?<\/span><span><\/span><\/h2>\n<div class=\"dr-heading-line\"><\/div>\n<\/div>\n<p>[\/et_pb_text][et_pb_text _builder_version=\u00a0\u00bb4.27.4&Prime; text_font_size=\u00a0\u00bb18px\u00a0\u00bb text_line_height=\u00a0\u00bb1.5em\u00a0\u00bb custom_padding=\u00a0\u00bb|||0px||\u00a0\u00bb global_colors_info=\u00a0\u00bb{}\u00a0\u00bb]<\/p>\n<article class=\"w-full scroll-mb-[var(--thread-trailing-height,150px)] text-token-text-primary focus-visible:outline-2 focus-visible:outline-offset-[-4px]\" dir=\"auto\" data-testid=\"conversation-turn-47\" data-scroll-anchor=\"false\">\n<div class=\"m-auto text-base py-[18px] px-3 md:px-4 w-full md:px-5 lg:px-4 xl:px-5\">\n<div class=\"mx-auto flex flex-1 gap-4 text-base md:gap-5 lg:gap-6 md:max-w-3xl lg:max-w-[40rem] xl:max-w-[48rem]\">\n<div class=\"group\/conversation-turn relative flex w-full min-w-0 flex-col agent-turn\">\n<div class=\"flex-col gap-1 md:gap-3\">\n<div class=\"flex max-w-full flex-col flex-grow\">\n<div data-message-author-role=\"assistant\" data-message-id=\"2da05200-462b-4871-ada8-e3df92497d5f\" dir=\"auto\" class=\"min-h-8 text-message flex w-full flex-col items-end gap-2 whitespace-normal break-words text-start [.text-message+&amp;]:mt-5\" data-message-model-slug=\"gpt-4o\">\n<div class=\"flex w-full flex-col gap-1 empty:hidden first:pt-[3px]\">\n<div class=\"markdown prose w-full break-words dark:prose-invert light\">\n<p>L&rsquo;Attestation de Vocation Non Agricole (AVNA) est un document essentiel au Maroc qui permet de changer l&rsquo;usage d&rsquo;un terrain d&rsquo;agricole \u00e0 non agricole, facilitant ainsi les projets de construction ou d&rsquo;am\u00e9nagement urbain. L&rsquo;obtention de cette certification implique un processus m\u00e9ticuleux qui garantit le respect de la r\u00e9glementation en vigueur. Vous trouverez ci-dessous les \u00e9tapes n\u00e9cessaires \u00e0 l&rsquo;obtention de l&rsquo;AVNA provisoire et de l&rsquo;AVNA d\u00e9finitif.  <\/p>\n<h3 class=\"western\">Pr\u00e9paration des documents<\/h3>\n<p>Avant de commencer la demande, il est essentiel de rassembler un certain nombre de documents :<\/p>\n<ul>\n<li>Formulaire unique : disponible aupr\u00e8s du Centre r\u00e9gional d&rsquo;investissement (CRI), ce formulaire recueille des informations essentielles sur le projet et le demandeur.<\/li>\n<li>Certificat de propri\u00e9t\u00e9 : d\u00e9livr\u00e9 par le Service de la Conservation Fonci\u00e8re, il certifie la propri\u00e9t\u00e9 du terrain.<\/li>\n<li>Plan cadastral et coordonn\u00e9es Lambert : fournis par le service du cadastre, ils d\u00e9taillent la localisation et la d\u00e9limitation exactes de la parcelle.<\/li>\n<li>Note d&rsquo;information sur l&rsquo;urbanisme : demand\u00e9e \u00e0 l&rsquo;agence urbaine, elle fournit des d\u00e9tails sur les r\u00e8gles d&rsquo;urbanisme applicables au terrain.<\/li>\n<li>Engagement de vente : Si le terrain n&rsquo;est pas encore au nom de l&rsquo;investisseur, ce document d\u00e9montre l&rsquo;intention d&rsquo;acheter.<\/li>\n<li>Dossier de projet : comprend une pr\u00e9sentation d\u00e9taill\u00e9e du projet propos\u00e9, y compris les plans, les descriptions et les objectifs.<\/li>\n<\/ul>\n<h3 class=\"western\">2. demande d&rsquo;AVNA provisoire<\/h3>\n<p>Une fois les documents pr\u00e9par\u00e9s, une demande officielle est soumise \u00e0 la CRL. Cette demande sera \u00e9valu\u00e9e par la Commission r\u00e9gionale charg\u00e9e des op\u00e9rations immobili\u00e8res, qui comprend des repr\u00e9sentants de diverses administrations : <\/p>\n<ul>\n<li>Pr\u00e9fecture ou province concern\u00e9e<\/li>\n<li>Centre r\u00e9gional d&rsquo;investissement<\/li>\n<li>Direction provinciale de l&rsquo;agriculture<\/li>\n<li>Direction r\u00e9gionale des biens de l&rsquo;\u00c9tat<\/li>\n<li>Conservation des biens immobiliers, cadastre et cartographie<\/li>\n<li>Inspection r\u00e9gionale de l&rsquo;urbanisme et de l&rsquo;am\u00e9nagement du territoire<\/li>\n<li>Agence urbaine concern\u00e9e<\/li>\n<li>D\u00e9l\u00e9gation r\u00e9gionale du minist\u00e8re du secteur concern\u00e9<\/li>\n<\/ul>\n<p>Cette commission \u00e9value la faisabilit\u00e9 du projet et sa conformit\u00e9 \u00e0 la r\u00e9glementation. Si l&rsquo;avis est favorable, le Wali de la r\u00e9gion d\u00e9livre l&rsquo;AVNA provisoire, permettant \u00e0 l&rsquo;investisseur de commencer les travaux conform\u00e9ment au projet approuv\u00e9. <\/p>\n<p>&nbsp;<\/p>\n<\/div>\n<\/div>\n<\/div>\n<\/div>\n<\/div>\n<\/div>\n<\/div>\n<\/div>\n<\/article>\n<p>[\/et_pb_text][\/et_pb_column][\/et_pb_row][et_pb_row column_structure=\u00a0\u00bb2_3,1_3&Prime; use_custom_gutter=\u00a0\u00bbon\u00a0\u00bb gutter_width=\u00a0\u00bb2&Prime; _builder_version=\u00a0\u00bb4.16&Prime; custom_padding=\u00a0\u00bb||4px|||\u00a0\u00bb custom_css_main_element=\u00a0\u00bbz-index: 3;\u00a0\u00bb global_colors_info=\u00a0\u00bb{}\u00a0\u00bb][et_pb_column type=\u00a0\u00bb2_3&Prime; _builder_version=\u00a0\u00bb4.16&Prime; custom_padding=\u00a0\u00bb|||\u00a0\u00bb global_colors_info=\u00a0\u00bb{}\u00a0\u00bb custom_padding__hover=\u00a0\u00bb|||\u00a0\u00bb][et_pb_image src=\u00a0\u00bbhttps:\/\/casasmarruecos.com\/wp-content\/uploads\/2024\/12\/VNAcasasmarruecos.webp\u00a0\u00bb title_text=\u00a0\u00bbVNAcasasmarruecos\u00a0\u00bb align=\u00a0\u00bbcenter\u00a0\u00bb _builder_version=\u00a0\u00bb4.27.4&Prime; _module_preset=\u00a0\u00bbdefault\u00a0\u00bb width=\u00a0\u00bb91%\u00a0\u00bb max_width=\u00a0\u00bb100%\u00a0\u00bb min_height=\u00a0\u00bb335px\u00a0\u00bb custom_padding=\u00a0\u00bb||115px|||\u00a0\u00bb global_colors_info=\u00a0\u00bb{}\u00a0\u00bb][\/et_pb_image][\/et_pb_column][et_pb_column type=\u00a0\u00bb1_3&Prime; _builder_version=\u00a0\u00bb4.16&Prime; custom_padding=\u00a0\u00bb|||\u00a0\u00bb global_colors_info=\u00a0\u00bb{}\u00a0\u00bb custom_padding__hover=\u00a0\u00bb|||\u00a0\u00bb][et_pb_text _builder_version=\u00a0\u00bb4.27.4&Prime; _module_preset=\u00a0\u00bbdefault\u00a0\u00bb text_font_size=\u00a0\u00bb21px\u00a0\u00bb text_line_height=\u00a0\u00bb1.8em\u00a0\u00bb global_colors_info=\u00a0\u00bb{}\u00a0\u00bb]<\/p>\n<p>La photo montre un exemple r\u00e9el de l&rsquo;<strong>Attestation de Vocation Non Agricole (VNA) D\u00e9finitive<\/strong> obtenue avec succ\u00e8s pour l&rsquo;un de nos clients. Ce document est essentiel au Maroc pour changer l&rsquo;usage d&rsquo;un terrain d&rsquo;agricole \u00e0 non-agricole, permettant son d\u00e9veloppement selon les plans du propri\u00e9taire. <\/p>\n<p>[\/et_pb_text][\/et_pb_column][\/et_pb_row][et_pb_row _builder_version=\u00a0\u00bb4.27.4&Prime; _module_preset=\u00a0\u00bbdefault\u00a0\u00bb global_colors_info=\u00a0\u00bb{}\u00a0\u00bb][et_pb_column type=\u00a0\u00bb4_4&Prime; _builder_version=\u00a0\u00bb4.27.4&Prime; _module_preset=\u00a0\u00bbdefault\u00a0\u00bb global_colors_info=\u00a0\u00bb{}\u00a0\u00bb][et_pb_text _builder_version=\u00a0\u00bb4.27.4&Prime; _module_preset=\u00a0\u00bbdefault\u00a0\u00bb text_font_size=\u00a0\u00bb18px\u00a0\u00bb global_colors_info=\u00a0\u00bb{}\u00a0\u00bb]<\/p>\n<h3><strong>3. Mise en \u0153uvre du projet<\/strong><\/h3>\n<p>Une fois l&rsquo;AVNA provisoire en main, l&rsquo;investisseur peut proc\u00e9der \u00e0 la construction ou au d\u00e9veloppement du projet, en veillant \u00e0 respecter toutes les sp\u00e9cifications et r\u00e9glementations \u00e9nonc\u00e9es dans l&rsquo;autorisation provisoire.<\/p>\n<h3><strong>4. Obtention des certificats de conformit\u00e9<\/strong><\/h3>\n<p>Une fois les travaux termin\u00e9s, il est n\u00e9cessaire d&rsquo;obtenir :<\/p>\n<ul>\n<li><strong>Certificat de conformit\u00e9 ou permis d&rsquo;occuper<\/strong>: D\u00e9livr\u00e9 par la commune, il atteste que le b\u00e2timent est conforme \u00e0 la r\u00e9glementation et qu&rsquo;il est apte \u00e0 l&rsquo;usage auquel il est destin\u00e9.<\/li>\n<li><strong>Certificat de conformit\u00e9 des services de t\u00e9l\u00e9communications<\/strong>: Garantit que les installations de t\u00e9l\u00e9communications sont conformes aux normes requises.<\/li>\n<\/ul>\n<h3><strong>5. Demande d&rsquo;AVNA finale<\/strong><\/h3>\n<p>Une fois les certificats de conformit\u00e9 obtenus, une nouvelle demande est introduite aupr\u00e8s de la CRL pour obtenir l&rsquo;AVNA d\u00e9finitive. Le directeur du CRI demande au gouverneur comp\u00e9tent de convoquer la commission d&rsquo;inspection et d&rsquo;\u00e9valuation, qui v\u00e9rifie la bonne ex\u00e9cution du projet. Si le rapport est favorable, le Wali d\u00e9livre l&rsquo;AVNA d\u00e9finitive, confirmant que la terre a d\u00e9finitivement perdu sa vocation agricole.  <\/p>\n<h3><strong>Consid\u00e9rations importantes<\/strong><\/h3>\n<ul>\n<li><strong>Dur\u00e9e de la proc\u00e9dure<\/strong>: L&rsquo;obtention de l&rsquo;AVNA finale peut prendre plusieurs mois, en fonction de la complexit\u00e9 du projet et de l&rsquo;efficacit\u00e9 de la pr\u00e9paration des documents.<\/li>\n<li><strong>Co\u00fbts associ\u00e9s<\/strong>: Les co\u00fbts comprennent les frais de certificats, de plans et d&rsquo;autres services administratifs, estim\u00e9s \u00e0 environ 675 dirhams.<\/li>\n<li><strong>Conseil professionnel<\/strong>: compte tenu de la complexit\u00e9 du processus, il est conseill\u00e9 d&rsquo;avoir l&rsquo;appui de professionnels ayant une exp\u00e9rience des proc\u00e9dures administratives et juridiques au Maroc.<\/li>\n<\/ul>\n<h3><strong>Conclusion<\/strong><\/h3>\n<p>L&rsquo;obtention de l&rsquo;<strong>Attestation de Vocation Non Agricole<\/strong> au Maroc est un processus d\u00e9taill\u00e9 qui n\u00e9cessite une pr\u00e9paration minutieuse et l&rsquo;accomplissement de multiples d\u00e9marches administratives. Cette proc\u00e9dure permet de s&rsquo;assurer que les projets de d\u00e9veloppement sont r\u00e9alis\u00e9s conform\u00e9ment \u00e0 la r\u00e9glementation en vigueur, favorisant ainsi une utilisation ordonn\u00e9e et durable du territoire. Un conseil sp\u00e9cialis\u00e9 peut faciliter l&rsquo;obtention de l&rsquo;AVNA et assurer la r\u00e9ussite de votre projet au Maroc.  <\/p>\n<p>[\/et_pb_text][\/et_pb_column][\/et_pb_row][\/et_pb_section][et_pb_section fb_built=\u00a0\u00bb1&Prime; _builder_version=\u00a0\u00bb4.16&Prime; custom_margin=\u00a0\u00bb0px||0px|\u00a0\u00bb custom_padding=\u00a0\u00bb0px||0px|\u00a0\u00bb global_colors_info=\u00a0\u00bb{}\u00a0\u00bb][et_pb_row column_structure=\u00a0\u00bb2_3,1_3&Prime; custom_padding_last_edited=\u00a0\u00bbon|tablet\u00a0\u00bb _builder_version=\u00a0\u00bb4.27.4&Prime; background_color=\u00a0\u00bb#efefef\u00a0\u00bb custom_padding_tablet=\u00a0\u00bb0px||0px|\u00a0\u00bb custom_padding_phone=\u00a0\u00bb\u00a0\u00bb global_colors_info=\u00a0\u00bb{}\u00a0\u00bb][et_pb_column type=\u00a0\u00bb2_3&Prime; _builder_version=\u00a0\u00bb4.16&Prime; custom_padding=\u00a0\u00bb|||\u00a0\u00bb global_colors_info=\u00a0\u00bb{}\u00a0\u00bb custom_padding__hover=\u00a0\u00bb|||\u00a0\u00bb][et_pb_contact_form use_spam_service=\u00a0\u00bbon\u00a0\u00bb recaptcha_min_score=\u00a0\u00bb0.8&Prime; email=\u00a0\u00bbinfo@casasmarruecos.com\u00a0\u00bb title=\u00a0\u00bb\u00c9crivez-nous maintenant !\u00a0\u00bb submit_button_text=\u00a0\u00bbEnvoyer\u00a0\u00bb _builder_version=\u00a0\u00bb4.27.4&Prime; _unique_id=\u00a0\u00bb55942362-de5a-4718-8f3f-280dc1cc6a2b\u00a0\u00bb form_field_background_color=\u00a0\u00bb#ffffff\u00a0\u00bb background_color=\u00a0\u00bb#e8e8e8&Prime; custom_button=\u00a0\u00bbon\u00a0\u00bb button_text_color=\u00a0\u00bb#ffffff\u00a0\u00bb button_font=\u00a0\u00bb|||on|||||\u00a0\u00bb button_use_icon=\u00a0\u00bboff\u00a0\u00bb width=\u00a0\u00bb100%\u00a0\u00bb custom_margin=\u00a0\u00bb|||38px||\u00a0\u00bb border_radii=\u00a0\u00bbon|0px|0px|0px|0px\u00a0\u00bb form_background_color=\u00a0\u00bb#ffffff\u00a0\u00bb global_colors_info=\u00a0\u00bb{}\u00a0\u00bb][et_pb_contact_field field_id=\u00a0\u00bbNombre\u00a0\u00bb field_title=\u00a0\u00bbNom\u00a0\u00bb _builder_version=\u00a0\u00bb4.27.4&Prime; global_colors_info=\u00a0\u00bb{}\u00a0\u00bb button_text_size__hover_enabled=\u00a0\u00bboff\u00a0\u00bb button_one_text_size__hover_enabled=\u00a0\u00bboff\u00a0\u00bb button_two_text_size__hover_enabled=\u00a0\u00bboff\u00a0\u00bb button_text_color__hover_enabled=\u00a0\u00bboff\u00a0\u00bb button_one_text_color__hover_enabled=\u00a0\u00bboff\u00a0\u00bb button_two_text_color__hover_enabled=\u00a0\u00bboff\u00a0\u00bb button_border_width__hover_enabled=\u00a0\u00bboff\u00a0\u00bb button_one_border_width__hover_enabled=\u00a0\u00bboff\u00a0\u00bb button_two_border_width__hover_enabled=\u00a0\u00bboff\u00a0\u00bb button_border_color__hover_enabled=\u00a0\u00bboff\u00a0\u00bb button_one_border_color__hover_enabled=\u00a0\u00bboff\u00a0\u00bb button_two_border_color__hover_enabled=\u00a0\u00bboff\u00a0\u00bb button_border_radius__hover_enabled=\u00a0\u00bboff\u00a0\u00bb button_one_border_radius__hover_enabled=\u00a0\u00bboff\u00a0\u00bb button_two_border_radius__hover_enabled=\u00a0\u00bboff\u00a0\u00bb button_letter_spacing__hover_enabled=\u00a0\u00bboff\u00a0\u00bb button_one_letter_spacing__hover_enabled=\u00a0\u00bboff\u00a0\u00bb button_two_letter_spacing__hover_enabled=\u00a0\u00bboff\u00a0\u00bb button_bg_color__hover_enabled=\u00a0\u00bboff\u00a0\u00bb button_one_bg_color__hover_enabled=\u00a0\u00bboff\u00a0\u00bb button_two_bg_color__hover_enabled=\u00a0\u00bboff\u00a0\u00bb][\/et_pb_contact_field][et_pb_contact_field field_id=\u00a0\u00bbEmail\u00a0\u00bb field_title=\u00a0\u00bbAdresse \u00e9lectronique\u00a0\u00bb field_type=\u00a0\u00bbemail\u00a0\u00bb _builder_version=\u00a0\u00bb4.27.4&Prime; global_colors_info=\u00a0\u00bb{}\u00a0\u00bb button_text_size__hover_enabled=\u00a0\u00bboff\u00a0\u00bb button_one_text_size__hover_enabled=\u00a0\u00bboff\u00a0\u00bb button_two_text_size__hover_enabled=\u00a0\u00bboff\u00a0\u00bb button_text_color__hover_enabled=\u00a0\u00bboff\u00a0\u00bb button_one_text_color__hover_enabled=\u00a0\u00bboff\u00a0\u00bb button_two_text_color__hover_enabled=\u00a0\u00bboff\u00a0\u00bb button_border_width__hover_enabled=\u00a0\u00bboff\u00a0\u00bb button_one_border_width__hover_enabled=\u00a0\u00bboff\u00a0\u00bb button_two_border_width__hover_enabled=\u00a0\u00bboff\u00a0\u00bb button_border_color__hover_enabled=\u00a0\u00bboff\u00a0\u00bb button_one_border_color__hover_enabled=\u00a0\u00bboff\u00a0\u00bb button_two_border_color__hover_enabled=\u00a0\u00bboff\u00a0\u00bb button_border_radius__hover_enabled=\u00a0\u00bboff\u00a0\u00bb button_one_border_radius__hover_enabled=\u00a0\u00bboff\u00a0\u00bb button_two_border_radius__hover_enabled=\u00a0\u00bboff\u00a0\u00bb button_letter_spacing__hover_enabled=\u00a0\u00bboff\u00a0\u00bb button_one_letter_spacing__hover_enabled=\u00a0\u00bboff\u00a0\u00bb button_two_letter_spacing__hover_enabled=\u00a0\u00bboff\u00a0\u00bb button_bg_color__hover_enabled=\u00a0\u00bboff\u00a0\u00bb button_one_bg_color__hover_enabled=\u00a0\u00bboff\u00a0\u00bb button_two_bg_color__hover_enabled=\u00a0\u00bboff\u00a0\u00bb][\/et_pb_contact_field][et_pb_contact_field field_id=\u00a0\u00bbField_4&Prime; field_title=\u00a0\u00bbQuel service vous int\u00e9resse ?\u00a0\u00bb field_type=\u00a0\u00bbcheckbox\u00a0\u00bb checkbox_options=\u00a0\u00bb%91{%22value%22:%22Conseils pour l&apos;achat d&apos;une propri\u00e9t\u00e9 au Maroc%22,%22checked%22:0,%22dragID%22:-1},{%22value%22:%22Conseils sur la vente de biens immobiliers au Maroc%22,%22checked%22:0,%22dragID%22:0},{%22dragID%22:1,%22value%22:%22Aspects g\u00e9n\u00e9raux du march\u00e9 hypoth\u00e9caire marocain%22,%22checked%22:0},{%22value%22:%22Prenez rendez-vous avec un expert immobilier au Maroc%22,%22checked%22:0,%22dragID%22:2}%93&Prime; fullwidth_field=\u00a0\u00bbon\u00a0\u00bb _builder_version=\u00a0\u00bb4.27.4&Prime; _module_preset=\u00a0\u00bbdefault\u00a0\u00bb global_colors_info=\u00a0\u00bb{}\u00a0\u00bb][\/et_pb_contact_field][et_pb_contact_field field_id=\u00a0\u00bbMessage\u00a0\u00bb field_title=\u00a0\u00bbSi cela ne suffit pas, expliquez-nous ce dont vous avez besoin.\u00a0\u00bb field_type=\u00a0\u00bbtext\u00a0\u00bb fullwidth_field=\u00a0\u00bbon\u00a0\u00bb _builder_version=\u00a0\u00bb4.27.4&Prime; global_colors_info=\u00a0\u00bb{}\u00a0\u00bb button_text_size__hover_enabled=\u00a0\u00bboff\u00a0\u00bb button_one_text_size__hover_enabled=\u00a0\u00bboff\u00a0\u00bb button_two_text_size__hover_enabled=\u00a0\u00bboff\u00a0\u00bb button_text_color__hover_enabled=\u00a0\u00bboff\u00a0\u00bb button_one_text_color__hover_enabled=\u00a0\u00bboff\u00a0\u00bb button_two_text_color__hover_enabled=\u00a0\u00bboff\u00a0\u00bb button_border_width__hover_enabled=\u00a0\u00bboff\u00a0\u00bb button_one_border_width__hover_enabled=\u00a0\u00bboff\u00a0\u00bb button_two_border_width__hover_enabled=\u00a0\u00bboff\u00a0\u00bb button_border_color__hover_enabled=\u00a0\u00bboff\u00a0\u00bb button_one_border_color__hover_enabled=\u00a0\u00bboff\u00a0\u00bb button_two_border_color__hover_enabled=\u00a0\u00bboff\u00a0\u00bb button_border_radius__hover_enabled=\u00a0\u00bboff\u00a0\u00bb button_one_border_radius__hover_enabled=\u00a0\u00bboff\u00a0\u00bb button_two_border_radius__hover_enabled=\u00a0\u00bboff\u00a0\u00bb button_letter_spacing__hover_enabled=\u00a0\u00bboff\u00a0\u00bb button_one_letter_spacing__hover_enabled=\u00a0\u00bboff\u00a0\u00bb button_two_letter_spacing__hover_enabled=\u00a0\u00bboff\u00a0\u00bb button_bg_color__hover_enabled=\u00a0\u00bboff\u00a0\u00bb button_one_bg_color__hover_enabled=\u00a0\u00bboff\u00a0\u00bb button_two_bg_color__hover_enabled=\u00a0\u00bboff\u00a0\u00bb][\/et_pb_contact_field][\/et_pb_contact_form][\/et_pb_column][et_pb_column type=\u00a0\u00bb1_3&Prime; _builder_version=\u00a0\u00bb4.16&Prime; custom_padding=\u00a0\u00bb|||\u00a0\u00bb global_colors_info=\u00a0\u00bb{}\u00a0\u00bb custom_padding__hover=\u00a0\u00bb|||\u00a0\u00bb][et_pb_text _builder_version=\u00a0\u00bb4.27.4&Prime; background_size=\u00a0\u00bbinitial\u00a0\u00bb background_position=\u00a0\u00bbtop_left\u00a0\u00bb background_repeat=\u00a0\u00bbrepeat\u00a0\u00bb module_alignment=\u00a0\u00bbleft\u00a0\u00bb border_style=\u00a0\u00bbsolid\u00a0\u00bb global_colors_info=\u00a0\u00bb{}\u00a0\u00bb]<\/p>\n<h3>Nous vous r\u00e9pondrons<\/h3>\n<p>\u00c9crivez-nous maintenant et faites le premier pas vers une gestion s\u00fbre et efficace de votre propri\u00e9t\u00e9 au Maroc. Nous sommes l\u00e0 pour r\u00e9pondre \u00e0 vos questions, vous offrir des conseils d&rsquo;experts et veiller \u00e0 ce que chaque d\u00e9tail de votre achat ou de votre vente soit transparent et r\u00e9ussi &#8211; faites confiance \u00e0 notre exp\u00e9rience professionnelle !  <\/p>\n<p><strong>Adresse :<\/strong> Chapineria 3 Jerez de la Frontera<\/p>\n<p><strong>TLF :<\/strong> +34 856551010<\/p>\n<p><strong>Heures d&rsquo;ouverture :<\/strong> 10:00 &#8211; 17:00 h<\/p>\n<p>[\/et_pb_text][\/et_pb_column][\/et_pb_row][\/et_pb_section]<\/p>\n","protected":false},"excerpt":{"rendered":"<p>Les \u00e9trangers peuvent-ils acheter au Maroc ? L&rsquo;Attestation de Vocation Non Agricole (AVNA) est un document essentiel au Maroc qui permet de changer l&rsquo;usage d&rsquo;un terrain d&rsquo;agricole \u00e0 non agricole, facilitant ainsi les projets de construction ou d&rsquo;am\u00e9nagement urbain. L&rsquo;obtention de cette certification implique un processus m\u00e9ticuleux qui garantit le respect de la r\u00e9glementation en [&hellip;]<\/p>\n","protected":false},"author":1,"featured_media":0,"parent":0,"menu_order":0,"comment_status":"closed","ping_status":"closed","template":"","meta":{"_et_pb_use_builder":"on","_et_pb_old_content":"","_et_gb_content_width":"","footnotes":""},"class_list":["post-100790","page","type-page","status-publish","hentry"],"_links":{"self":[{"href":"https:\/\/casasmarruecos.com\/fr\/wp-json\/wp\/v2\/pages\/100790","targetHints":{"allow":["GET"]}}],"collection":[{"href":"https:\/\/casasmarruecos.com\/fr\/wp-json\/wp\/v2\/pages"}],"about":[{"href":"https:\/\/casasmarruecos.com\/fr\/wp-json\/wp\/v2\/types\/page"}],"author":[{"embeddable":true,"href":"https:\/\/casasmarruecos.com\/fr\/wp-json\/wp\/v2\/users\/1"}],"replies":[{"embeddable":true,"href":"https:\/\/casasmarruecos.com\/fr\/wp-json\/wp\/v2\/comments?post=100790"}],"version-history":[{"count":2,"href":"https:\/\/casasmarruecos.com\/fr\/wp-json\/wp\/v2\/pages\/100790\/revisions"}],"predecessor-version":[{"id":100792,"href":"https:\/\/casasmarruecos.com\/fr\/wp-json\/wp\/v2\/pages\/100790\/revisions\/100792"}],"wp:attachment":[{"href":"https:\/\/casasmarruecos.com\/fr\/wp-json\/wp\/v2\/media?parent=100790"}],"curies":[{"name":"wp","href":"https:\/\/api.w.org\/{rel}","templated":true}]}}