{"id":100802,"date":"2024-12-26T12:04:07","date_gmt":"2024-12-26T12:04:07","guid":{"rendered":"https:\/\/casasmarruecos.com\/les-etrangers-peuvent-ils-acheter-des-biens-immobiliers-au-maroc\/"},"modified":"2025-01-15T18:29:55","modified_gmt":"2025-01-15T18:29:55","slug":"les-etrangers-peuvent-ils-acheter-des-biens-immobiliers-au-maroc","status":"publish","type":"page","link":"https:\/\/casasmarruecos.com\/fr\/les-etrangers-peuvent-ils-acheter-des-biens-immobiliers-au-maroc\/","title":{"rendered":"Les \u00e9trangers peuvent-ils acheter des biens immobiliers au Maroc ?"},"content":{"rendered":"<p>[et_pb_section fb_built=\u00a0\u00bb1&Prime; custom_padding_last_edited=\u00a0\u00bbon|tablet\u00a0\u00bb _builder_version=\u00a0\u00bb4.16&Prime; custom_padding_tablet=\u00a0\u00bb||0px|\u00a0\u00bb custom_padding_phone=\u00a0\u00bb\u00a0\u00bb global_colors_info=\u00a0\u00bb{}\u00a0\u00bb][et_pb_row custom_padding_last_edited=\u00a0\u00bbon|phone\u00a0\u00bb module_class=\u00a0\u00bbdr-text-center\u00a0\u00bb _builder_version=\u00a0\u00bb4.16&Prime; background_size=\u00a0\u00bbinitial\u00a0\u00bb background_repeat=\u00a0\u00bbrepeat\u00a0\u00bb custom_padding_tablet=\u00a0\u00bb0px||0px|\u00a0\u00bb custom_padding_phone=\u00a0\u00bb\u00a0\u00bb global_colors_info=\u00a0\u00bb{}\u00a0\u00bb][et_pb_column type=\u00a0\u00bb4_4&Prime; _builder_version=\u00a0\u00bb4.16&Prime; custom_padding=\u00a0\u00bb|||\u00a0\u00bb global_colors_info=\u00a0\u00bb{}\u00a0\u00bb custom_padding__hover=\u00a0\u00bb|||\u00a0\u00bb][et_pb_text admin_label=\u00a0\u00bbAbout Divi Real Estate\u00a0\u00bb _builder_version=\u00a0\u00bb4.16&Prime; header_2_text_align=\u00a0\u00bbcenter\u00a0\u00bb animation_style=\u00a0\u00bbslide\u00a0\u00bb animation_direction=\u00a0\u00bbtop\u00a0\u00bb global_colors_info=\u00a0\u00bb{}\u00a0\u00bb]<\/p>\n<div class=\"dr-heading\">\n<h2>Les \u00e9trangers peuvent-ils <span>acheter au Maroc ?<\/span><span><\/span><\/h2>\n<div class=\"dr-heading-line\"><\/div>\n<\/div>\n<p>[\/et_pb_text][et_pb_text _builder_version=\u00a0\u00bb4.27.4&Prime; text_font_size=\u00a0\u00bb18px\u00a0\u00bb text_line_height=\u00a0\u00bb1.5em\u00a0\u00bb custom_padding=\u00a0\u00bb|||0px||\u00a0\u00bb global_colors_info=\u00a0\u00bb{}\u00a0\u00bb]<\/p>\n<article class=\"w-full scroll-mb-[var(--thread-trailing-height,150px)] text-token-text-primary focus-visible:outline-2 focus-visible:outline-offset-[-4px]\" dir=\"auto\" data-testid=\"conversation-turn-47\" data-scroll-anchor=\"false\">\n<div class=\"m-auto text-base py-[18px] px-3 md:px-4 w-full md:px-5 lg:px-4 xl:px-5\">\n<div class=\"mx-auto flex flex-1 gap-4 text-base md:gap-5 lg:gap-6 md:max-w-3xl lg:max-w-[40rem] xl:max-w-[48rem]\">\n<div class=\"group\/conversation-turn relative flex w-full min-w-0 flex-col agent-turn\">\n<div class=\"flex-col gap-1 md:gap-3\">\n<div class=\"flex max-w-full flex-col flex-grow\">\n<div data-message-author-role=\"assistant\" data-message-id=\"2da05200-462b-4871-ada8-e3df92497d5f\" dir=\"auto\" class=\"min-h-8 text-message flex w-full flex-col items-end gap-2 whitespace-normal break-words text-start [.text-message+&amp;]:mt-5\" data-message-model-slug=\"gpt-4o\">\n<div class=\"flex w-full flex-col gap-1 empty:hidden first:pt-[3px]\">\n<div class=\"markdown prose w-full break-words dark:prose-invert light\">\n<p>L&rsquo;Attestation de Vocation Non Agricole (AVNA) est un document essentiel au Maroc qui permet de changer l&rsquo;usage d&rsquo;un terrain d&rsquo;agricole \u00e0 non agricole, facilitant ainsi les projets de construction ou d&rsquo;am\u00e9nagement urbain. L&rsquo;obtention de cette certification implique un processus m\u00e9ticuleux qui garantit le respect de la r\u00e9glementation en vigueur. Vous trouverez ci-dessous les \u00e9tapes n\u00e9cessaires \u00e0 l&rsquo;obtention de l&rsquo;AVNA provisoire et de l&rsquo;AVNA d\u00e9finitif.  <\/p>\n<h3 class=\"western\">Pr\u00e9paration des documents<\/h3>\n<p>Avant de commencer la demande, il est essentiel de rassembler un certain nombre de documents :<\/p>\n<ul>\n<li>Formulaire unique : disponible aupr\u00e8s du Centre r\u00e9gional d&rsquo;investissement (CRI), ce formulaire recueille des informations essentielles sur le projet et le demandeur.<\/li>\n<li>Certificat de propri\u00e9t\u00e9 : d\u00e9livr\u00e9 par le Service de la Conservation Fonci\u00e8re, il certifie la propri\u00e9t\u00e9 du terrain.<\/li>\n<li>Plan cadastral et coordonn\u00e9es Lambert : fournis par le service du cadastre, ils d\u00e9taillent la localisation et la d\u00e9limitation exactes de la parcelle.<\/li>\n<li>Note d&rsquo;information sur l&rsquo;urbanisme : demand\u00e9e \u00e0 l&rsquo;agence urbaine, elle fournit des d\u00e9tails sur les r\u00e8gles d&rsquo;urbanisme applicables au terrain.<\/li>\n<li>Engagement de vente : Si le terrain n&rsquo;est pas encore au nom de l&rsquo;investisseur, ce document d\u00e9montre l&rsquo;intention d&rsquo;acheter.<\/li>\n<li>Dossier de projet : comprend une pr\u00e9sentation d\u00e9taill\u00e9e du projet propos\u00e9, y compris les plans, les descriptions et les objectifs.<\/li>\n<\/ul>\n<h3 class=\"western\">2. demande de VNA provisoire<\/h3>\n<p>Une fois les documents pr\u00e9par\u00e9s, une demande officielle est soumise \u00e0 la CRL. Cette demande sera \u00e9valu\u00e9e par la Commission r\u00e9gionale charg\u00e9e des op\u00e9rations immobili\u00e8res, qui comprend des repr\u00e9sentants de diverses administrations : <\/p>\n<ul>\n<li>Pr\u00e9fecture ou province concern\u00e9e<\/li>\n<li>Centre r\u00e9gional d&rsquo;investissement<\/li>\n<li>Direction provinciale de l&rsquo;agriculture<\/li>\n<li>Direction r\u00e9gionale des biens de l&rsquo;\u00c9tat<\/li>\n<li>Conservation des biens immobiliers, cadastre et cartographie<\/li>\n<li>Inspection r\u00e9gionale de l&rsquo;urbanisme et de l&rsquo;am\u00e9nagement du territoire<\/li>\n<li>Agence urbaine concern\u00e9e<\/li>\n<li>D\u00e9l\u00e9gation r\u00e9gionale du minist\u00e8re du secteur concern\u00e9<\/li>\n<\/ul>\n<p>Cette commission \u00e9value la faisabilit\u00e9 du projet et sa conformit\u00e9 \u00e0 la r\u00e9glementation. Si l&rsquo;avis est favorable, le Wali de la r\u00e9gion d\u00e9livre la VNA provisoire, permettant \u00e0 l&rsquo;investisseur de commencer \u00e0 travailler sur le projet approuv\u00e9. <\/p>\n<p>&nbsp;<\/p>\n<\/div>\n<\/div>\n<\/div>\n<\/div>\n<\/div>\n<\/div>\n<\/div>\n<\/div>\n<\/article>\n<p>[\/et_pb_text][\/et_pb_column][\/et_pb_row][et_pb_row use_custom_gutter=\u00a0\u00bbon\u00a0\u00bb gutter_width=\u00a0\u00bb2&Prime; _builder_version=\u00a0\u00bb4.16&Prime; custom_padding=\u00a0\u00bb||4px|||\u00a0\u00bb custom_css_main_element=\u00a0\u00bbz-index: 3;\u00a0\u00bb global_colors_info=\u00a0\u00bb{}\u00a0\u00bb][et_pb_column type=\u00a0\u00bb4_4&Prime; _builder_version=\u00a0\u00bb4.16&Prime; custom_padding=\u00a0\u00bb|||\u00a0\u00bb global_colors_info=\u00a0\u00bb{}\u00a0\u00bb custom_padding__hover=\u00a0\u00bb|||\u00a0\u00bb][et_pb_image src=\u00a0\u00bbhttps:\/\/casasmarruecos.com\/wp-content\/uploads\/2024\/12\/Comprarproiedadmarruecos-scaled.jpg\u00a0\u00bb _builder_version=\u00a0\u00bb4.27.4&Prime; _module_preset=\u00a0\u00bbdefault\u00a0\u00bb title_text=\u00a0\u00bbAcheter un bien immobilierMaroc\u00a0\u00bb hover_enabled=\u00a0\u00bb0&Prime; sticky_enabled=\u00a0\u00bb0&Prime;][\/et_pb_image][\/et_pb_column][\/et_pb_row][et_pb_row _builder_version=\u00a0\u00bb4.27.4&Prime; _module_preset=\u00a0\u00bbdefault\u00a0\u00bb global_colors_info=\u00a0\u00bb{}\u00a0\u00bb][et_pb_column type=\u00a0\u00bb4_4&Prime; _builder_version=\u00a0\u00bb4.27.4&Prime; _module_preset=\u00a0\u00bbdefault\u00a0\u00bb global_colors_info=\u00a0\u00bb{}\u00a0\u00bb][et_pb_text _builder_version=\u00a0\u00bb4.27.4&Prime; _module_preset=\u00a0\u00bbdefault\u00a0\u00bb text_font_size=\u00a0\u00bb18px\u00a0\u00bb hover_enabled=\u00a0\u00bb0&Prime; global_colors_info=\u00a0\u00bb{}\u00a0\u00bb sticky_enabled=\u00a0\u00bb0&Prime;]<\/p>\n<div class=\"flex-1 overflow-hidden @container\/thread\">\n<div class=\"h-full\">\n<div class=\"react-scroll-to-bottom--css-pjqxj-79elbk h-full\">\n<div class=\"react-scroll-to-bottom--css-pjqxj-1n7m0yu\">\n<div class=\"flex flex-col text-sm md:pb-9\">\n<article class=\"w-full scroll-mb-[var(--thread-trailing-height,150px)] text-token-text-primary focus-visible:outline-2 focus-visible:outline-offset-[-4px]\" dir=\"auto\" data-testid=\"conversation-turn-67\" data-scroll-anchor=\"true\">\n<div class=\"m-auto text-base py-[18px] px-3 md:px-4 w-full md:px-5 lg:px-4 xl:px-5\">\n<div class=\"mx-auto flex flex-1 gap-4 text-base md:gap-5 lg:gap-6 md:max-w-3xl lg:max-w-[40rem] xl:max-w-[48rem]\">\n<div class=\"group\/conversation-turn relative flex w-full min-w-0 flex-col agent-turn\">\n<div class=\"flex-col gap-1 md:gap-3\">\n<div class=\"flex max-w-full flex-col flex-grow\">\n<div data-message-author-role=\"assistant\" data-message-id=\"72702199-a7e0-4ffc-889b-f31361ab2f65\" dir=\"auto\" class=\"min-h-8 text-message flex w-full flex-col items-end gap-2 whitespace-normal break-words text-start [.text-message+&amp;]:mt-5\" data-message-model-slug=\"gpt-4o\">\n<div class=\"flex w-full flex-col gap-1 empty:hidden first:pt-[3px]\">\n<div class=\"markdown prose w-full break-words dark:prose-invert light\">\n<h4><strong>Faites appel \u00e0 des experts pour \u00e9viter toute confusion<\/strong><\/h4>\n<p>\u00c0 <strong>CasasMarruecos.com<\/strong>, nous comprenons que l&rsquo;achat d&rsquo;une propri\u00e9t\u00e9 dans un pays \u00e9tranger peut \u00eatre un d\u00e9fi. Notre \u00e9quipe est sp\u00e9cialis\u00e9e dans l&rsquo;accompagnement des clients internationaux \u00e0 chaque \u00e9tape du processus. De la v\u00e9rification des documents \u00e0 la gestion des formalit\u00e9s juridiques, nous veillons \u00e0 ce que votre investissement soit s\u00fbr et transparent.  <\/p>\n<p><strong>\u00c9vitez les mauvaises surprises. Contactez-nous d\u00e8s aujourd&rsquo;hui et profitez d&rsquo;un shopping sans souci au Maroc &#8211; nous sommes l\u00e0 pour vous aider !  <\/strong><\/p>\n<\/div>\n<\/div>\n<\/div>\n<\/div>\n<div class=\"mb-2 flex gap-3 empty:hidden -ml-2\">\n<div class=\"items-center justify-start rounded-xl p-1 flex\">\n<div class=\"flex items-center\">\n<div class=\"flex\"><\/div>\n<\/div>\n<\/div>\n<\/div>\n<div class=\"pr-2 lg:pr-0\"><\/div>\n<div class=\"mt-3 w-full empty:hidden\">\n<div class=\"text-center\"><\/div>\n<\/div>\n<\/div>\n<div class=\"absolute\">\n<div class=\"flex items-center justify-center\"><\/div>\n<\/div>\n<\/div>\n<\/div>\n<\/div>\n<\/article>\n<\/div>\n<\/div>\n<\/div>\n<\/div>\n<\/div>\n<div class=\"md:pt-0 dark:border-white\/20 md:border-transparent md:dark:border-transparent w-full\">\n<div>\n<div class=\"m-auto text-base px-3 md:px-4 w-full md:px-5 lg:px-4 xl:px-5\">\n<div class=\"mx-auto flex flex-1 gap-4 text-base md:gap-5 lg:gap-6 md:max-w-3xl lg:max-w-[40rem] xl:max-w-[48rem]\">\n<div class=\"flex justify-center\"><\/div>\n<\/div>\n<\/div>\n<\/div>\n<\/div>\n<p>[\/et_pb_text][\/et_pb_column][\/et_pb_row][\/et_pb_section][et_pb_section fb_built=\u00a0\u00bb1&Prime; _builder_version=\u00a0\u00bb4.16&Prime; custom_margin=\u00a0\u00bb0px||0px|\u00a0\u00bb custom_padding=\u00a0\u00bb0px||0px|\u00a0\u00bb global_colors_info=\u00a0\u00bb{}\u00a0\u00bb][et_pb_row column_structure=\u00a0\u00bb2_3,1_3&Prime; custom_padding_last_edited=\u00a0\u00bbon|tablet\u00a0\u00bb _builder_version=\u00a0\u00bb4.27.4&Prime; background_color=\u00a0\u00bb#efefef\u00a0\u00bb custom_padding_tablet=\u00a0\u00bb0px||0px|\u00a0\u00bb custom_padding_phone=\u00a0\u00bb\u00a0\u00bb global_colors_info=\u00a0\u00bb{}\u00a0\u00bb][et_pb_column type=\u00a0\u00bb2_3&Prime; _builder_version=\u00a0\u00bb4.16&Prime; custom_padding=\u00a0\u00bb|||\u00a0\u00bb global_colors_info=\u00a0\u00bb{}\u00a0\u00bb custom_padding__hover=\u00a0\u00bb|||\u00a0\u00bb][et_pb_contact_form use_spam_service=\u00a0\u00bbon\u00a0\u00bb recaptcha_min_score=\u00a0\u00bb0.8&Prime; email=\u00a0\u00bbinfo@casasmarruecos.com\u00a0\u00bb title=\u00a0\u00bb\u00c9crivez-nous maintenant !\u00a0\u00bb submit_button_text=\u00a0\u00bbEnvoyer\u00a0\u00bb _builder_version=\u00a0\u00bb4.27.4&Prime; _unique_id=\u00a0\u00bb55942362-de5a-4718-8f3f-280dc1cc6a2b\u00a0\u00bb form_field_background_color=\u00a0\u00bb#ffffff\u00a0\u00bb background_color=\u00a0\u00bb#e8e8e8&Prime; custom_button=\u00a0\u00bbon\u00a0\u00bb button_text_color=\u00a0\u00bb#ffffff\u00a0\u00bb button_font=\u00a0\u00bb|||on|||||\u00a0\u00bb button_use_icon=\u00a0\u00bboff\u00a0\u00bb width=\u00a0\u00bb100%\u00a0\u00bb custom_margin=\u00a0\u00bb|||38px||\u00a0\u00bb border_radii=\u00a0\u00bbon|0px|0px|0px|0px\u00a0\u00bb form_background_color=\u00a0\u00bb#ffffff\u00a0\u00bb global_colors_info=\u00a0\u00bb{}\u00a0\u00bb][et_pb_contact_field field_id=\u00a0\u00bbNombre\u00a0\u00bb field_title=\u00a0\u00bbNom\u00a0\u00bb _builder_version=\u00a0\u00bb4.27.4&Prime; global_colors_info=\u00a0\u00bb{}\u00a0\u00bb button_text_size__hover_enabled=\u00a0\u00bboff\u00a0\u00bb button_one_text_size__hover_enabled=\u00a0\u00bboff\u00a0\u00bb button_two_text_size__hover_enabled=\u00a0\u00bboff\u00a0\u00bb button_text_color__hover_enabled=\u00a0\u00bboff\u00a0\u00bb button_one_text_color__hover_enabled=\u00a0\u00bboff\u00a0\u00bb button_two_text_color__hover_enabled=\u00a0\u00bboff\u00a0\u00bb button_border_width__hover_enabled=\u00a0\u00bboff\u00a0\u00bb button_one_border_width__hover_enabled=\u00a0\u00bboff\u00a0\u00bb button_two_border_width__hover_enabled=\u00a0\u00bboff\u00a0\u00bb button_border_color__hover_enabled=\u00a0\u00bboff\u00a0\u00bb button_one_border_color__hover_enabled=\u00a0\u00bboff\u00a0\u00bb button_two_border_color__hover_enabled=\u00a0\u00bboff\u00a0\u00bb button_border_radius__hover_enabled=\u00a0\u00bboff\u00a0\u00bb button_one_border_radius__hover_enabled=\u00a0\u00bboff\u00a0\u00bb button_two_border_radius__hover_enabled=\u00a0\u00bboff\u00a0\u00bb button_letter_spacing__hover_enabled=\u00a0\u00bboff\u00a0\u00bb button_one_letter_spacing__hover_enabled=\u00a0\u00bboff\u00a0\u00bb button_two_letter_spacing__hover_enabled=\u00a0\u00bboff\u00a0\u00bb button_bg_color__hover_enabled=\u00a0\u00bboff\u00a0\u00bb button_one_bg_color__hover_enabled=\u00a0\u00bboff\u00a0\u00bb button_two_bg_color__hover_enabled=\u00a0\u00bboff\u00a0\u00bb][\/et_pb_contact_field][et_pb_contact_field field_id=\u00a0\u00bbEmail\u00a0\u00bb field_title=\u00a0\u00bbAdresse \u00e9lectronique\u00a0\u00bb field_type=\u00a0\u00bbemail\u00a0\u00bb _builder_version=\u00a0\u00bb4.27.4&Prime; global_colors_info=\u00a0\u00bb{}\u00a0\u00bb button_text_size__hover_enabled=\u00a0\u00bboff\u00a0\u00bb button_one_text_size__hover_enabled=\u00a0\u00bboff\u00a0\u00bb button_two_text_size__hover_enabled=\u00a0\u00bboff\u00a0\u00bb button_text_color__hover_enabled=\u00a0\u00bboff\u00a0\u00bb button_one_text_color__hover_enabled=\u00a0\u00bboff\u00a0\u00bb button_two_text_color__hover_enabled=\u00a0\u00bboff\u00a0\u00bb button_border_width__hover_enabled=\u00a0\u00bboff\u00a0\u00bb button_one_border_width__hover_enabled=\u00a0\u00bboff\u00a0\u00bb button_two_border_width__hover_enabled=\u00a0\u00bboff\u00a0\u00bb button_border_color__hover_enabled=\u00a0\u00bboff\u00a0\u00bb button_one_border_color__hover_enabled=\u00a0\u00bboff\u00a0\u00bb button_two_border_color__hover_enabled=\u00a0\u00bboff\u00a0\u00bb button_border_radius__hover_enabled=\u00a0\u00bboff\u00a0\u00bb button_one_border_radius__hover_enabled=\u00a0\u00bboff\u00a0\u00bb button_two_border_radius__hover_enabled=\u00a0\u00bboff\u00a0\u00bb button_letter_spacing__hover_enabled=\u00a0\u00bboff\u00a0\u00bb button_one_letter_spacing__hover_enabled=\u00a0\u00bboff\u00a0\u00bb button_two_letter_spacing__hover_enabled=\u00a0\u00bboff\u00a0\u00bb button_bg_color__hover_enabled=\u00a0\u00bboff\u00a0\u00bb button_one_bg_color__hover_enabled=\u00a0\u00bboff\u00a0\u00bb button_two_bg_color__hover_enabled=\u00a0\u00bboff\u00a0\u00bb][\/et_pb_contact_field][et_pb_contact_field field_id=\u00a0\u00bbField_4&Prime; field_title=\u00a0\u00bbQuel service vous int\u00e9resse ?\u00a0\u00bb field_type=\u00a0\u00bbcheckbox\u00a0\u00bb checkbox_options=\u00a0\u00bb%91{%22value%22:%22Conseils pour l&apos;achat d&apos;une propri\u00e9t\u00e9 au Maroc%22,%22checked%22:0,%22dragID%22:-1},{%22value%22:%22Conseils sur la vente de biens immobiliers au Maroc%22,%22checked%22:0,%22dragID%22:0},{%22dragID%22:1,%22value%22:%22Aspects g\u00e9n\u00e9raux du march\u00e9 hypoth\u00e9caire marocain%22,%22checked%22:0},{%22value%22:%22Prenez rendez-vous avec un expert immobilier au Maroc%22,%22checked%22:0,%22dragID%22:2}%93&Prime; fullwidth_field=\u00a0\u00bbon\u00a0\u00bb _builder_version=\u00a0\u00bb4.27.4&Prime; _module_preset=\u00a0\u00bbdefault\u00a0\u00bb global_colors_info=\u00a0\u00bb{}\u00a0\u00bb][\/et_pb_contact_field][et_pb_contact_field field_id=\u00a0\u00bbMessage\u00a0\u00bb field_title=\u00a0\u00bbSi cela ne suffit pas, expliquez-nous ce dont vous avez besoin.\u00a0\u00bb field_type=\u00a0\u00bbtext\u00a0\u00bb fullwidth_field=\u00a0\u00bbon\u00a0\u00bb _builder_version=\u00a0\u00bb4.27.4&Prime; global_colors_info=\u00a0\u00bb{}\u00a0\u00bb button_text_size__hover_enabled=\u00a0\u00bboff\u00a0\u00bb button_one_text_size__hover_enabled=\u00a0\u00bboff\u00a0\u00bb button_two_text_size__hover_enabled=\u00a0\u00bboff\u00a0\u00bb button_text_color__hover_enabled=\u00a0\u00bboff\u00a0\u00bb button_one_text_color__hover_enabled=\u00a0\u00bboff\u00a0\u00bb button_two_text_color__hover_enabled=\u00a0\u00bboff\u00a0\u00bb button_border_width__hover_enabled=\u00a0\u00bboff\u00a0\u00bb button_one_border_width__hover_enabled=\u00a0\u00bboff\u00a0\u00bb button_two_border_width__hover_enabled=\u00a0\u00bboff\u00a0\u00bb button_border_color__hover_enabled=\u00a0\u00bboff\u00a0\u00bb button_one_border_color__hover_enabled=\u00a0\u00bboff\u00a0\u00bb button_two_border_color__hover_enabled=\u00a0\u00bboff\u00a0\u00bb button_border_radius__hover_enabled=\u00a0\u00bboff\u00a0\u00bb button_one_border_radius__hover_enabled=\u00a0\u00bboff\u00a0\u00bb button_two_border_radius__hover_enabled=\u00a0\u00bboff\u00a0\u00bb button_letter_spacing__hover_enabled=\u00a0\u00bboff\u00a0\u00bb button_one_letter_spacing__hover_enabled=\u00a0\u00bboff\u00a0\u00bb button_two_letter_spacing__hover_enabled=\u00a0\u00bboff\u00a0\u00bb button_bg_color__hover_enabled=\u00a0\u00bboff\u00a0\u00bb button_one_bg_color__hover_enabled=\u00a0\u00bboff\u00a0\u00bb button_two_bg_color__hover_enabled=\u00a0\u00bboff\u00a0\u00bb][\/et_pb_contact_field][\/et_pb_contact_form][\/et_pb_column][et_pb_column type=\u00a0\u00bb1_3&Prime; _builder_version=\u00a0\u00bb4.16&Prime; custom_padding=\u00a0\u00bb|||\u00a0\u00bb global_colors_info=\u00a0\u00bb{}\u00a0\u00bb custom_padding__hover=\u00a0\u00bb|||\u00a0\u00bb][et_pb_text _builder_version=\u00a0\u00bb4.27.4&Prime; background_size=\u00a0\u00bbinitial\u00a0\u00bb background_position=\u00a0\u00bbtop_left\u00a0\u00bb background_repeat=\u00a0\u00bbrepeat\u00a0\u00bb module_alignment=\u00a0\u00bbleft\u00a0\u00bb border_style=\u00a0\u00bbsolid\u00a0\u00bb global_colors_info=\u00a0\u00bb{}\u00a0\u00bb]<\/p>\n<h3>Nous vous r\u00e9pondrons<\/h3>\n<p>\u00c9crivez-nous maintenant et faites le premier pas vers une gestion s\u00fbre et efficace de votre propri\u00e9t\u00e9 au Maroc. Nous sommes l\u00e0 pour r\u00e9pondre \u00e0 vos questions, vous offrir des conseils d&rsquo;experts et veiller \u00e0 ce que chaque d\u00e9tail de votre achat ou de votre vente soit transparent et r\u00e9ussi &#8211; faites confiance \u00e0 notre exp\u00e9rience professionnelle !  <\/p>\n<p><strong>Adresse :<\/strong> Chapineria 3 Jerez de la Frontera<\/p>\n<p><strong>TLF :<\/strong> +34 856551010<\/p>\n<p><strong>Heures d&rsquo;ouverture :<\/strong> 10:00 &#8211; 17:00 h<\/p>\n<p>[\/et_pb_text][\/et_pb_column][\/et_pb_row][\/et_pb_section]<\/p>\n","protected":false},"excerpt":{"rendered":"<p>Les \u00e9trangers peuvent-ils acheter au Maroc ? L&rsquo;Attestation de Vocation Non Agricole (AVNA) est un document essentiel au Maroc qui permet de changer l&rsquo;usage d&rsquo;un terrain d&rsquo;agricole \u00e0 non agricole, facilitant ainsi les projets de construction ou d&rsquo;am\u00e9nagement urbain. L&rsquo;obtention de cette certification implique un processus m\u00e9ticuleux qui garantit le respect de la r\u00e9glementation en [&hellip;]<\/p>\n","protected":false},"author":1,"featured_media":0,"parent":0,"menu_order":0,"comment_status":"closed","ping_status":"closed","template":"","meta":{"_et_pb_use_builder":"on","_et_pb_old_content":"","_et_gb_content_width":"","footnotes":""},"class_list":["post-100802","page","type-page","status-publish","hentry"],"_links":{"self":[{"href":"https:\/\/casasmarruecos.com\/fr\/wp-json\/wp\/v2\/pages\/100802","targetHints":{"allow":["GET"]}}],"collection":[{"href":"https:\/\/casasmarruecos.com\/fr\/wp-json\/wp\/v2\/pages"}],"about":[{"href":"https:\/\/casasmarruecos.com\/fr\/wp-json\/wp\/v2\/types\/page"}],"author":[{"embeddable":true,"href":"https:\/\/casasmarruecos.com\/fr\/wp-json\/wp\/v2\/users\/1"}],"replies":[{"embeddable":true,"href":"https:\/\/casasmarruecos.com\/fr\/wp-json\/wp\/v2\/comments?post=100802"}],"version-history":[{"count":2,"href":"https:\/\/casasmarruecos.com\/fr\/wp-json\/wp\/v2\/pages\/100802\/revisions"}],"predecessor-version":[{"id":100804,"href":"https:\/\/casasmarruecos.com\/fr\/wp-json\/wp\/v2\/pages\/100802\/revisions\/100804"}],"wp:attachment":[{"href":"https:\/\/casasmarruecos.com\/fr\/wp-json\/wp\/v2\/media?parent=100802"}],"curies":[{"name":"wp","href":"https:\/\/api.w.org\/{rel}","templated":true}]}}