{"id":100838,"date":"2018-02-19T18:10:53","date_gmt":"2018-02-19T18:10:53","guid":{"rendered":"https:\/\/casasmarruecos.com\/services\/"},"modified":"2025-01-16T09:57:41","modified_gmt":"2025-01-16T09:57:41","slug":"services","status":"publish","type":"page","link":"https:\/\/casasmarruecos.com\/fr\/services\/","title":{"rendered":"Services"},"content":{"rendered":"<p>[et_pb_section fb_built=\u00a0\u00bb1&Prime; _builder_version=\u00a0\u00bb4.16&Prime; global_colors_info=\u00a0\u00bb{}\u00a0\u00bb][et_pb_row custom_padding_last_edited=\u00a0\u00bbon|tablet\u00a0\u00bb module_class=\u00a0\u00bbdr-text-center\u00a0\u00bb _builder_version=\u00a0\u00bb4.16&Prime; background_size=\u00a0\u00bbinitial\u00a0\u00bb background_position=\u00a0\u00bbtop_left\u00a0\u00bb background_repeat=\u00a0\u00bbrepeat\u00a0\u00bb custom_padding_tablet=\u00a0\u00bb0px||0px|\u00a0\u00bb custom_padding_phone=\u00a0\u00bb\u00a0\u00bb global_colors_info=\u00a0\u00bb{}\u00a0\u00bb][et_pb_column type=\u00a0\u00bb4_4&Prime; _builder_version=\u00a0\u00bb4.16&Prime; custom_padding=\u00a0\u00bb|||\u00a0\u00bb global_colors_info=\u00a0\u00bb{}\u00a0\u00bb custom_padding__hover=\u00a0\u00bb|||\u00a0\u00bb][et_pb_text admin_label=\u00a0\u00bbDIVI REAL ESTATE SERVICES\u00a0\u00bb _builder_version=\u00a0\u00bb4.16&Prime; header_2_text_align=\u00a0\u00bbcenter\u00a0\u00bb animation_style=\u00a0\u00bbslide\u00a0\u00bb animation_direction=\u00a0\u00bbtop\u00a0\u00bb global_colors_info=\u00a0\u00bb{}\u00a0\u00bb]<\/p>\n<div class=\"dr-heading\">\n<h2><span> T\u00e2ches de<\/span> Morocco.com<\/h2>\n<div class=\"dr-heading-line\"><\/div>\n<\/div>\n<p>[\/et_pb_text][et_pb_text _builder_version=\u00a0\u00bb4.27.4&Prime; global_colors_info=\u00a0\u00bb{}\u00a0\u00bb]<\/p>\n<p>\u00c0 <strong>CasasMarruecos.com<\/strong>, nous sommes sp\u00e9cialis\u00e9s dans la fourniture de solutions compl\u00e8tes et personnalis\u00e9es pour l&rsquo;achat, la vente, l&rsquo;entretien et la gestion de propri\u00e9t\u00e9s au Maroc. Notre \u00e9quipe, soutenue par l&rsquo;expertise du c\u00e9l\u00e8bre avocat Raul del Canto, s&rsquo;engage \u00e0 faciliter tous les aspects de votre exp\u00e9rience de propri\u00e9taire dans ce merveilleux pays. Que vous souhaitiez acheter une maison, vendre votre propri\u00e9t\u00e9, la r\u00e9nover ou g\u00e9rer des questions juridiques li\u00e9es \u00e0 l&rsquo;h\u00e9ritage, <strong>CasasMarruecos.com<\/strong> est votre partenaire de confiance.  <\/p>\n<p>[\/et_pb_text][\/et_pb_column][\/et_pb_row][et_pb_row column_structure=\u00a0\u00bb1_3,1_3,1_3&Prime; custom_padding_last_edited=\u00a0\u00bbon|tablet\u00a0\u00bb _builder_version=\u00a0\u00bb4.16&Prime; custom_padding_tablet=\u00a0\u00bb0px||0px|\u00a0\u00bb custom_padding_phone=\u00a0\u00bb\u00a0\u00bb global_colors_info=\u00a0\u00bb{}\u00a0\u00bb][et_pb_column type=\u00a0\u00bb1_3&Prime; _builder_version=\u00a0\u00bb4.16&Prime; custom_padding=\u00a0\u00bb|||\u00a0\u00bb global_colors_info=\u00a0\u00bb{}\u00a0\u00bb custom_padding__hover=\u00a0\u00bb|||\u00a0\u00bb][et_pb_blurb title=\u00a0\u00bbACHETER\u00a0\u00bb use_icon=\u00a0\u00bbon\u00a0\u00bb font_icon=\u00a0\u00bb&#xe015;||divi||400&Prime; image_icon_width=\u00a0\u00bb70px\u00a0\u00bb admin_label=\u00a0\u00bbBUYING\u00a0\u00bb _builder_version=\u00a0\u00bb4.27.4&Prime; header_font_size=\u00a0\u00bb24&Prime; text_orientation=\u00a0\u00bbcenter\u00a0\u00bb animation_style=\u00a0\u00bbslide\u00a0\u00bb animation_direction=\u00a0\u00bbright\u00a0\u00bb border_style=\u00a0\u00bbsolid\u00a0\u00bb icon_font_size=\u00a0\u00bb70px\u00a0\u00bb global_colors_info=\u00a0\u00bb{}\u00a0\u00bb]<\/p>\n<p>Notre service commence par un examen approfondi de la documentation relative au bien que vous souhaitez acheter. Nous nous assurons que le bien est d\u00fbment enregistr\u00e9, qu&rsquo;il n&rsquo;a pas de charges l\u00e9gales et qu&rsquo;il r\u00e9pond \u00e0 toutes les exigences n\u00e9cessaires pour un achat s\u00fbr et sans heurts. <\/p>\n<p>[\/et_pb_blurb][\/et_pb_column][et_pb_column type=\u00a0\u00bb1_3&Prime; _builder_version=\u00a0\u00bb4.16&Prime; custom_padding=\u00a0\u00bb|||\u00a0\u00bb global_colors_info=\u00a0\u00bb{}\u00a0\u00bb custom_padding__hover=\u00a0\u00bb|||\u00a0\u00bb][et_pb_blurb title=\u00a0\u00bbVENTE\u00a0\u00bb use_icon=\u00a0\u00bbon\u00a0\u00bb font_icon=\u00a0\u00bb&#xe00a;||divi||400&Prime; image_icon_width=\u00a0\u00bb70px\u00a0\u00bb admin_label=\u00a0\u00bbSELLING\u00a0\u00bb _builder_version=\u00a0\u00bb4.27.4&Prime; header_font_size=\u00a0\u00bb24&Prime; text_orientation=\u00a0\u00bbcenter\u00a0\u00bb animation_style=\u00a0\u00bbzoom\u00a0\u00bb border_style=\u00a0\u00bbsolid\u00a0\u00bb icon_font_size=\u00a0\u00bb70px\u00a0\u00bb global_colors_info=\u00a0\u00bb{}\u00a0\u00bb]<\/p>\n<p>Nous travaillons avec vous pour pr\u00e9parer votre bien \u00e0 la vente, de l&rsquo;\u00e9valuation \u00e0 la cr\u00e9ation d&rsquo;annonces attrayantes qui mettent en valeur ses atouts. En outre, nous g\u00e9rons toutes les n\u00e9gociations et tous les aspects juridiques, en garantissant la transparence et en \u00e9vitant les malentendus ou les complications inutiles. <\/p>\n<p>[\/et_pb_blurb][\/et_pb_column][et_pb_column type=\u00a0\u00bb1_3&Prime; _builder_version=\u00a0\u00bb4.16&Prime; custom_padding=\u00a0\u00bb|||\u00a0\u00bb global_colors_info=\u00a0\u00bb{}\u00a0\u00bb custom_padding__hover=\u00a0\u00bb|||\u00a0\u00bb][et_pb_blurb title=\u00a0\u00bbENTRETIEN\u00a0\u00bb use_icon=\u00a0\u00bbon\u00a0\u00bb font_icon=\u00a0\u00bb&#xe0e2;||divi||400&Prime; image_icon_width=\u00a0\u00bb70px\u00a0\u00bb admin_label=\u00a0\u00bbPROPERTY MANAGEMENT\u00a0\u00bb _builder_version=\u00a0\u00bb4.27.4&Prime; header_font_size=\u00a0\u00bb24&Prime; text_orientation=\u00a0\u00bbcenter\u00a0\u00bb animation_style=\u00a0\u00bbslide\u00a0\u00bb animation_direction=\u00a0\u00bbleft\u00a0\u00bb border_style=\u00a0\u00bbsolid\u00a0\u00bb icon_font_size=\u00a0\u00bb70px\u00a0\u00bb global_colors_info=\u00a0\u00bb{}\u00a0\u00bb]<\/p>\n<p>Nous nous chargeons des t\u00e2ches d&rsquo;entretien r\u00e9guli\u00e8res, telles que le nettoyage, les petites r\u00e9parations et l&rsquo;entretien du jardin, afin que vous n&rsquo;ayez \u00e0 vous soucier de rien. Nous vous aidons \u00e9galement \u00e0 \u00e9quiper votre maison de meubles, d&rsquo;appareils \u00e9lectrom\u00e9nagers et d&rsquo;autres \u00e9l\u00e9ments essentiels. <\/p>\n<p>[\/et_pb_blurb][\/et_pb_column][\/et_pb_row][\/et_pb_section][et_pb_section fb_built=\u00a0\u00bb1&Prime; _builder_version=\u00a0\u00bb4.16&Prime; background_color=\u00a0\u00bb#eeeeee\u00a0\u00bb global_colors_info=\u00a0\u00bb{}\u00a0\u00bb][et_pb_row column_structure=\u00a0\u00bb1_3,2_3&Prime; custom_padding_last_edited=\u00a0\u00bbon|tablet\u00a0\u00bb _builder_version=\u00a0\u00bb4.16&Prime; custom_padding_tablet=\u00a0\u00bb0px||0px|\u00a0\u00bb custom_padding_phone=\u00a0\u00bb\u00a0\u00bb global_colors_info=\u00a0\u00bb{}\u00a0\u00bb][et_pb_column type=\u00a0\u00bb1_3&Prime; _builder_version=\u00a0\u00bb4.16&Prime; custom_padding=\u00a0\u00bb|||\u00a0\u00bb global_colors_info=\u00a0\u00bb{}\u00a0\u00bb custom_padding__hover=\u00a0\u00bb|||\u00a0\u00bb][et_pb_image src=\u00a0\u00bbhttps:\/\/casasmarruecos.com\/wp-content\/uploads\/2024\/12\/beautiful-house.jpg\u00a0\u00bb align_tablet=\u00a0\u00bbcenter\u00a0\u00bb align_phone=\u00a0\u00bb\u00a0\u00bb align_last_edited=\u00a0\u00bbon|desktop\u00a0\u00bb _builder_version=\u00a0\u00bb4.16&Prime; global_colors_info=\u00a0\u00bb{}\u00a0\u00bb][\/et_pb_image][\/et_pb_column][et_pb_column type=\u00a0\u00bb2_3&Prime; _builder_version=\u00a0\u00bb4.16&Prime; custom_padding=\u00a0\u00bb|||\u00a0\u00bb global_colors_info=\u00a0\u00bb{}\u00a0\u00bb custom_padding__hover=\u00a0\u00bb|||\u00a0\u00bb][et_pb_text _builder_version=\u00a0\u00bb4.27.4&Prime; global_colors_info=\u00a0\u00bb{}\u00a0\u00bb]<\/p>\n<h3><strong>Pourquoi choisir CasasMarruecos.com ?<\/strong><\/h3>\n<p>Dans un march\u00e9 aussi dynamique que le Maroc, il est crucial d&rsquo;avoir une \u00e9quipe qui comprend les particularit\u00e9s du pays et les besoins des propri\u00e9taires \u00e9trangers. Voici quelques-unes des raisons pour lesquelles <strong>CasasMarruecos.com<\/strong> est votre meilleure option : <\/p>\n<ul>\n<li><strong>Exp\u00e9rience et connaissance du terrain :<\/strong> nous avons une connaissance approfondie des r\u00e9glementations l\u00e9gales et de la dynamique du march\u00e9 immobilier au Maroc, ce qui nous permet d&rsquo;offrir des solutions pr\u00e9cises et efficaces.<\/li>\n<li><strong>Services complets :<\/strong> de l&rsquo;achat \u00e0 l&rsquo;entretien en passant par les conseils juridiques, nous vous proposons une approche compl\u00e8te pour couvrir tous vos besoins.<\/li>\n<li><strong>Attention personnalis\u00e9e :<\/strong> nous savons que chaque client est unique, c&rsquo;est pourquoi nous concevons des solutions sur mesure pour chaque situation.<\/li>\n<li><strong>\u00c9quipe professionnelle :<\/strong> nous disposons de juristes, de techniciens de l&rsquo;immobilier et d&rsquo;experts en gestion immobili\u00e8re, qui s&rsquo;engagent tous \u00e0 fournir un service d&rsquo;excellente qualit\u00e9.<\/li>\n<li><strong>R\u00e9seau fiable :<\/strong> gr\u00e2ce \u00e0 nos relations avec les notaires, les bureaux d&rsquo;enregistrement et les professionnels locaux, nous garantissons des processus rapides et s\u00fbrs.<\/li>\n<\/ul>\n<p>[\/et_pb_text][\/et_pb_column][\/et_pb_row][et_pb_row column_structure=\u00a0\u00bb2_3,1_3&Prime; custom_padding_last_edited=\u00a0\u00bbon|tablet\u00a0\u00bb _builder_version=\u00a0\u00bb4.16&Prime; custom_padding_tablet=\u00a0\u00bb0px||0px|\u00a0\u00bb custom_padding_phone=\u00a0\u00bb\u00a0\u00bb global_colors_info=\u00a0\u00bb{}\u00a0\u00bb][et_pb_column type=\u00a0\u00bb2_3&Prime; _builder_version=\u00a0\u00bb4.16&Prime; custom_padding=\u00a0\u00bb|||\u00a0\u00bb global_colors_info=\u00a0\u00bb{}\u00a0\u00bb custom_padding__hover=\u00a0\u00bb|||\u00a0\u00bb][et_pb_text _builder_version=\u00a0\u00bb4.27.4&Prime; custom_padding=\u00a0\u00bb||2px|||\u00a0\u00bb global_colors_info=\u00a0\u00bb{}\u00a0\u00bb]<\/p>\n<h3><strong>Un service complet pour vos besoins immobiliers<\/strong><\/h3>\n<p>Quand vous pensez \u00e0 avoir une maison au Maroc, pensez \u00e0 <strong>CasasMarruecos.com.<\/strong> Nous nous occupons de tout ce dont vous avez besoin pour que vous puissiez profiter de votre propri\u00e9t\u00e9 sans soucis. <\/p>\n<p>De l&rsquo;achat \u00e0 la vente, en passant par la r\u00e9novation, l&rsquo;entretien et la gestion juridique, nous vous accompagnons \u00e0 chaque \u00e9tape. Notre objectif est de rendre le processus simple, transparent et fructueux pour vous. <\/p>\n<p>Si vous \u00eates pr\u00eat \u00e0 faire le prochain pas au Maroc, contactez-nous aujourd&rsquo;hui. A <strong>CasasMarruecos.com<\/strong>, nous faisons en sorte que votre r\u00eave de poss\u00e9der une maison au Maroc devienne r\u00e9alit\u00e9 avec confiance et tranquillit\u00e9 d&rsquo;esprit &#8211; nous sommes l\u00e0 pour vous aider \u00e0 atteindre vos objectifs !  <\/p>\n<p>[\/et_pb_text][\/et_pb_column][et_pb_column type=\u00a0\u00bb1_3&Prime; _builder_version=\u00a0\u00bb4.16&Prime; custom_padding=\u00a0\u00bb|||\u00a0\u00bb global_colors_info=\u00a0\u00bb{}\u00a0\u00bb custom_padding__hover=\u00a0\u00bb|||\u00a0\u00bb][et_pb_image src=\u00a0\u00bbhttps:\/\/casasmarruecos.com\/wp-content\/uploads\/2024\/12\/luxury-apartment.jpg\u00a0\u00bb align_tablet=\u00a0\u00bbcenter\u00a0\u00bb align_phone=\u00a0\u00bb\u00a0\u00bb align_last_edited=\u00a0\u00bbon|desktop\u00a0\u00bb _builder_version=\u00a0\u00bb4.16&Prime; always_center_on_mobile=\u00a0\u00bbon\u00a0\u00bb global_colors_info=\u00a0\u00bb{}\u00a0\u00bb][\/et_pb_image][\/et_pb_column][\/et_pb_row][\/et_pb_section][et_pb_section fb_built=\u00a0\u00bb1&Prime; _builder_version=\u00a0\u00bb4.16&Prime; global_colors_info=\u00a0\u00bb{}\u00a0\u00bb][et_pb_row column_structure=\u00a0\u00bb2_3,1_3&Prime; custom_padding_last_edited=\u00a0\u00bbon|tablet\u00a0\u00bb _builder_version=\u00a0\u00bb4.16&Prime; custom_padding_tablet=\u00a0\u00bb0px||0px|\u00a0\u00bb custom_padding_phone=\u00a0\u00bb\u00a0\u00bb global_colors_info=\u00a0\u00bb{}\u00a0\u00bb][et_pb_column type=\u00a0\u00bb2_3&Prime; _builder_version=\u00a0\u00bb4.16&Prime; custom_padding=\u00a0\u00bb|||\u00a0\u00bb global_colors_info=\u00a0\u00bb{}\u00a0\u00bb custom_padding__hover=\u00a0\u00bb|||\u00a0\u00bb][et_pb_contact_form captcha=\u00a0\u00bboff\u00a0\u00bb title=\u00a0\u00bbCONTACTEZ-NOUS POUR TOUTE QUESTION RELATIVE \u00c0 L&apos;ACHAT\u00a0\u00bb module_id=\u00a0\u00bbet_pb_contact_form_0&Prime; _builder_version=\u00a0\u00bb4.16&Prime; _unique_id=\u00a0\u00bbcbdf3385-3680-496e-9c57-eaa053c7817a\u00a0\u00bb custom_button=\u00a0\u00bbon\u00a0\u00bb button_text_color=\u00a0\u00bb#ffffff\u00a0\u00bb button_font=\u00a0\u00bb|||on|||||\u00a0\u00bb button_use_icon=\u00a0\u00bboff\u00a0\u00bb border_radii=\u00a0\u00bbon|0px|0px|0px|0px\u00a0\u00bb global_colors_info=\u00a0\u00bb{}\u00a0\u00bb][et_pb_contact_field field_id=\u00a0\u00bbName\u00a0\u00bb field_title=\u00a0\u00bbNom\u00a0\u00bb _builder_version=\u00a0\u00bb4.16&Prime; global_colors_info=\u00a0\u00bb{}\u00a0\u00bb button_text_size__hover_enabled=\u00a0\u00bboff\u00a0\u00bb button_one_text_size__hover_enabled=\u00a0\u00bboff\u00a0\u00bb button_two_text_size__hover_enabled=\u00a0\u00bboff\u00a0\u00bb button_text_color__hover_enabled=\u00a0\u00bboff\u00a0\u00bb button_one_text_color__hover_enabled=\u00a0\u00bboff\u00a0\u00bb button_two_text_color__hover_enabled=\u00a0\u00bboff\u00a0\u00bb button_border_width__hover_enabled=\u00a0\u00bboff\u00a0\u00bb button_one_border_width__hover_enabled=\u00a0\u00bboff\u00a0\u00bb button_two_border_width__hover_enabled=\u00a0\u00bboff\u00a0\u00bb button_border_color__hover_enabled=\u00a0\u00bboff\u00a0\u00bb button_one_border_color__hover_enabled=\u00a0\u00bboff\u00a0\u00bb button_two_border_color__hover_enabled=\u00a0\u00bboff\u00a0\u00bb button_border_radius__hover_enabled=\u00a0\u00bboff\u00a0\u00bb button_one_border_radius__hover_enabled=\u00a0\u00bboff\u00a0\u00bb button_two_border_radius__hover_enabled=\u00a0\u00bboff\u00a0\u00bb button_letter_spacing__hover_enabled=\u00a0\u00bboff\u00a0\u00bb button_one_letter_spacing__hover_enabled=\u00a0\u00bboff\u00a0\u00bb button_two_letter_spacing__hover_enabled=\u00a0\u00bboff\u00a0\u00bb button_bg_color__hover_enabled=\u00a0\u00bboff\u00a0\u00bb button_one_bg_color__hover_enabled=\u00a0\u00bboff\u00a0\u00bb button_two_bg_color__hover_enabled=\u00a0\u00bboff\u00a0\u00bb][\/et_pb_contact_field][et_pb_contact_field field_id=\u00a0\u00bbEmail\u00a0\u00bb field_title=\u00a0\u00bbAdresse \u00e9lectronique\u00a0\u00bb field_type=\u00a0\u00bbemail\u00a0\u00bb _builder_version=\u00a0\u00bb4.16&Prime; global_colors_info=\u00a0\u00bb{}\u00a0\u00bb button_text_size__hover_enabled=\u00a0\u00bboff\u00a0\u00bb button_one_text_size__hover_enabled=\u00a0\u00bboff\u00a0\u00bb button_two_text_size__hover_enabled=\u00a0\u00bboff\u00a0\u00bb button_text_color__hover_enabled=\u00a0\u00bboff\u00a0\u00bb button_one_text_color__hover_enabled=\u00a0\u00bboff\u00a0\u00bb button_two_text_color__hover_enabled=\u00a0\u00bboff\u00a0\u00bb button_border_width__hover_enabled=\u00a0\u00bboff\u00a0\u00bb button_one_border_width__hover_enabled=\u00a0\u00bboff\u00a0\u00bb button_two_border_width__hover_enabled=\u00a0\u00bboff\u00a0\u00bb button_border_color__hover_enabled=\u00a0\u00bboff\u00a0\u00bb button_one_border_color__hover_enabled=\u00a0\u00bboff\u00a0\u00bb button_two_border_color__hover_enabled=\u00a0\u00bboff\u00a0\u00bb button_border_radius__hover_enabled=\u00a0\u00bboff\u00a0\u00bb button_one_border_radius__hover_enabled=\u00a0\u00bboff\u00a0\u00bb button_two_border_radius__hover_enabled=\u00a0\u00bboff\u00a0\u00bb button_letter_spacing__hover_enabled=\u00a0\u00bboff\u00a0\u00bb button_one_letter_spacing__hover_enabled=\u00a0\u00bboff\u00a0\u00bb button_two_letter_spacing__hover_enabled=\u00a0\u00bboff\u00a0\u00bb button_bg_color__hover_enabled=\u00a0\u00bboff\u00a0\u00bb button_one_bg_color__hover_enabled=\u00a0\u00bboff\u00a0\u00bb button_two_bg_color__hover_enabled=\u00a0\u00bboff\u00a0\u00bb][\/et_pb_contact_field][et_pb_contact_field field_id=\u00a0\u00bbMessage\u00a0\u00bb field_title=\u00a0\u00bbMessage\u00a0\u00bb field_type=\u00a0\u00bbtext\u00a0\u00bb fullwidth_field=\u00a0\u00bbon\u00a0\u00bb _builder_version=\u00a0\u00bb4.16&Prime; global_colors_info=\u00a0\u00bb{}\u00a0\u00bb button_text_size__hover_enabled=\u00a0\u00bboff\u00a0\u00bb button_one_text_size__hover_enabled=\u00a0\u00bboff\u00a0\u00bb button_two_text_size__hover_enabled=\u00a0\u00bboff\u00a0\u00bb button_text_color__hover_enabled=\u00a0\u00bboff\u00a0\u00bb button_one_text_color__hover_enabled=\u00a0\u00bboff\u00a0\u00bb button_two_text_color__hover_enabled=\u00a0\u00bboff\u00a0\u00bb button_border_width__hover_enabled=\u00a0\u00bboff\u00a0\u00bb button_one_border_width__hover_enabled=\u00a0\u00bboff\u00a0\u00bb button_two_border_width__hover_enabled=\u00a0\u00bboff\u00a0\u00bb button_border_color__hover_enabled=\u00a0\u00bboff\u00a0\u00bb button_one_border_color__hover_enabled=\u00a0\u00bboff\u00a0\u00bb button_two_border_color__hover_enabled=\u00a0\u00bboff\u00a0\u00bb button_border_radius__hover_enabled=\u00a0\u00bboff\u00a0\u00bb button_one_border_radius__hover_enabled=\u00a0\u00bboff\u00a0\u00bb button_two_border_radius__hover_enabled=\u00a0\u00bboff\u00a0\u00bb button_letter_spacing__hover_enabled=\u00a0\u00bboff\u00a0\u00bb button_one_letter_spacing__hover_enabled=\u00a0\u00bboff\u00a0\u00bb button_two_letter_spacing__hover_enabled=\u00a0\u00bboff\u00a0\u00bb button_bg_color__hover_enabled=\u00a0\u00bboff\u00a0\u00bb button_one_bg_color__hover_enabled=\u00a0\u00bboff\u00a0\u00bb button_two_bg_color__hover_enabled=\u00a0\u00bboff\u00a0\u00bb][\/et_pb_contact_field][\/et_pb_contact_form][\/et_pb_column][et_pb_column type=\u00a0\u00bb1_3&Prime; _builder_version=\u00a0\u00bb4.16&Prime; custom_padding=\u00a0\u00bb|||\u00a0\u00bb global_colors_info=\u00a0\u00bb{}\u00a0\u00bb custom_padding__hover=\u00a0\u00bb|||\u00a0\u00bb][et_pb_text _builder_version=\u00a0\u00bb4.22.2&Prime; background_size=\u00a0\u00bbinitial\u00a0\u00bb background_position=\u00a0\u00bbtop_left\u00a0\u00bb background_repeat=\u00a0\u00bbrepeat\u00a0\u00bb module_alignment=\u00a0\u00bbleft\u00a0\u00bb border_style=\u00a0\u00bbsolid\u00a0\u00bb global_colors_info=\u00a0\u00bb{}\u00a0\u00bb]<\/p>\n<h3>REACH US<\/h3>\n<p>Integer placerat metus id orci facilisis, in luctus eros laoreet. Mauris interdum augue varius, faucibus massa id, imperdiet tortor. Donec vel tortor molestie, hendrerit sem a, hendrerit arcu. Aliquam erat volutpat. Proin varius eros eros, non condimentum nis.<br \/>\nA <strong>dresse :<\/strong> 890 Lorem Ipsum Street #12 San Francisco, California 65432<strong>Phone :<\/strong> 000-000-0000     <\/p>\n<p><strong>Heures d&rsquo;ouverture :<\/strong> 8a-18:30p M-F, 9a-2p S-S[\/et_pb_text][\/et_pb_column][\/et_pb_row][\/et_pb_section]<\/p>\n","protected":false},"excerpt":{"rendered":"<p>T\u00e2ches de Morocco.com \u00c0 CasasMarruecos.com, nous sommes sp\u00e9cialis\u00e9s dans la fourniture de solutions compl\u00e8tes et personnalis\u00e9es pour l&rsquo;achat, la vente, l&rsquo;entretien et la gestion de propri\u00e9t\u00e9s au Maroc. Notre \u00e9quipe, soutenue par l&rsquo;expertise du c\u00e9l\u00e8bre avocat Raul del Canto, s&rsquo;engage \u00e0 faciliter tous les aspects de votre exp\u00e9rience de propri\u00e9taire dans ce merveilleux pays. Que [&hellip;]<\/p>\n","protected":false},"author":1,"featured_media":100625,"parent":0,"menu_order":0,"comment_status":"closed","ping_status":"closed","template":"","meta":{"_et_pb_use_builder":"on","_et_pb_old_content":"","_et_gb_content_width":"","footnotes":""},"class_list":["post-100838","page","type-page","status-publish","has-post-thumbnail","hentry"],"_links":{"self":[{"href":"https:\/\/casasmarruecos.com\/fr\/wp-json\/wp\/v2\/pages\/100838","targetHints":{"allow":["GET"]}}],"collection":[{"href":"https:\/\/casasmarruecos.com\/fr\/wp-json\/wp\/v2\/pages"}],"about":[{"href":"https:\/\/casasmarruecos.com\/fr\/wp-json\/wp\/v2\/types\/page"}],"author":[{"embeddable":true,"href":"https:\/\/casasmarruecos.com\/fr\/wp-json\/wp\/v2\/users\/1"}],"replies":[{"embeddable":true,"href":"https:\/\/casasmarruecos.com\/fr\/wp-json\/wp\/v2\/comments?post=100838"}],"version-history":[{"count":2,"href":"https:\/\/casasmarruecos.com\/fr\/wp-json\/wp\/v2\/pages\/100838\/revisions"}],"predecessor-version":[{"id":100840,"href":"https:\/\/casasmarruecos.com\/fr\/wp-json\/wp\/v2\/pages\/100838\/revisions\/100840"}],"wp:featuredmedia":[{"embeddable":true,"href":"https:\/\/casasmarruecos.com\/fr\/wp-json\/wp\/v2\/media\/100625"}],"wp:attachment":[{"href":"https:\/\/casasmarruecos.com\/fr\/wp-json\/wp\/v2\/media?parent=100838"}],"curies":[{"name":"wp","href":"https:\/\/api.w.org\/{rel}","templated":true}]}}